{"id":1102,"date":"2019-05-30T17:24:46","date_gmt":"2019-05-30T15:24:46","guid":{"rendered":"https:\/\/latorreyasociados.com\/?page_id=1102"},"modified":"2020-01-29T21:44:56","modified_gmt":"2020-01-29T20:44:56","slug":"alejandro-latorre-atance","status":"publish","type":"page","link":"https:\/\/latorreyasociados.com\/es\/nuestro-equipo\/alejandro-latorre-atance\/","title":{"rendered":"Alejandro Latorre"},"content":{"rendered":"\n<div style=\"background-color:#eff4f1;padding-bottom:10%;padding-top:10%\" class=\"wp-block-atomic-blocks-ab-container ab-block-container alignfull\"><div class=\"ab-container-inside\"><div class=\"ab-container-content\" style=\"max-width:800px\">\n<div style=\"padding-left:5%;padding-right:5%\" class=\"wp-block-atomic-blocks-ab-container ab-block-container\"><div class=\"ab-container-inside\"><div class=\"ab-container-content\" style=\"max-width:1600px\">\n<h2 class=\"has-text-align-left\">Alejandro Latorre Atance<\/h2>\n\n\n\n<p class=\"has-medium-font-size\"><strong>Socio fundador, Economista y Auditor de Cuentas<\/strong><\/p>\n<\/div><\/div><\/div>\n<\/div><\/div><\/div>\n\n\n\n<div style=\"height:50px\" aria-hidden=\"true\" class=\"wp-block-spacer\"><\/div>\n\n\n\n<div class=\"wp-block-atomic-blocks-ab-container ab-block-container aligncenter\"><div class=\"ab-container-inside\"><div class=\"ab-container-content\" style=\"max-width:1600px\">\n<div class=\"wp-block-atomic-blocks-ab-container ab-block-container\"><div class=\"ab-container-inside\"><div class=\"ab-container-content\" style=\"max-width:1600px\">\n<div class=\"wp-block-atomic-blocks-ab-container ab-block-container\"><div class=\"ab-container-inside\"><div class=\"ab-container-content\" style=\"max-width:1600px\"><\/div><\/div><\/div>\n\n\n\n<div class=\"wp-block-columns are-vertically-aligned-center\">\n<div class=\"wp-block-column is-vertically-aligned-center\" style=\"flex-basis:66.66%\">\n<figure class=\"wp-block-image size-large is-resized\"><img loading=\"lazy\" src=\"https:\/\/latorreyasociados.com\/wp-content\/uploads\/2019\/05\/alejandro-latorre-atance-1-e1559231821172.jpg\" alt=\"Retrato con traje y corbata de Alejandro Latorre Atance socio fundador Latorre y Asociados Consultor\u00eda\" class=\"wp-image-944\" width=\"300\" height=\"300\" srcset=\"https:\/\/latorreyasociados.com\/wp-content\/uploads\/2019\/05\/alejandro-latorre-atance-1-e1559231821172.jpg 588w, https:\/\/latorreyasociados.com\/wp-content\/uploads\/2019\/05\/alejandro-latorre-atance-1-e1559231821172-150x150.jpg 150w, https:\/\/latorreyasociados.com\/wp-content\/uploads\/2019\/05\/alejandro-latorre-atance-1-e1559231821172-300x300.jpg 300w, https:\/\/latorreyasociados.com\/wp-content\/uploads\/2019\/05\/alejandro-latorre-atance-1-e1559231821172-80x80.jpg 80w\" sizes=\"(max-width: 300px) 100vw, 300px\" \/><\/figure>\n<\/div>\n\n\n\n<div class=\"wp-block-column is-vertically-aligned-center\" style=\"flex-basis:33.33%\">\n<figure class=\"wp-block-image size-large is-resized\"><img loading=\"lazy\" src=\"https:\/\/latorreyasociados.com\/wp-content\/uploads\/2020\/01\/qr-code-1-1024x1024.png\" alt=\"\" class=\"wp-image-1835\" width=\"162\" height=\"162\" srcset=\"https:\/\/latorreyasociados.com\/wp-content\/uploads\/2020\/01\/qr-code-1-1024x1024.png 1024w, https:\/\/latorreyasociados.com\/wp-content\/uploads\/2020\/01\/qr-code-1-150x150.png 150w, https:\/\/latorreyasociados.com\/wp-content\/uploads\/2020\/01\/qr-code-1-80x80.png 80w\" sizes=\"(max-width: 162px) 100vw, 162px\" \/><\/figure>\n<\/div>\n<\/div>\n\n\n\n<div class=\"icono-peq\"><a href=\"https:\/\/www.linkedin.com\/in\/alejandro-latorre-atance-6a641718\/\" target=\"_blank\" rel=\"noopener noreferrer\"><svg role=\"img\" class=\"social-linkedin\" aria-labelledby=\"social-linkedin-3\"><title id=\"social-linkedin-3\">LinkedIn<\/title><use xlink:href=\"https:\/\/latorreyasociados.com\/wp-content\/plugins\/simple-social-icons\/symbol-defs.svg#social-linkedin\"><\/use><\/svg><\/a><\/div>\n\n\n\n<h3>Educaci\u00f3n<\/h3>\n\n\n\n<p> Licenciado en Ciencias Econ\u00f3micas y Empresariales <\/p>\n\n\n\n<h3>Perfil Profesional<\/h3>\n\n\n\n<p>Socio fundador de&nbsp;<em>Latorre y Vegas Economistas Auditores, S.L.P.<\/em>&nbsp;y de&nbsp;<em>Latorre y Asociados Consultor\u00eda, S.L.<\/em>&nbsp; tiene una dilatada experiencia profesional en administraci\u00f3n concursal como interventor judicial en procesos de Suspensi\u00f3n de Pagos, en procedimientos de Quiebra y en Concursos de Acreedores.<br><\/p>\n\n\n\n<p>Es miembro del Registro Oficial de Auditores de Cuentas (ROAC), Registro de Economistas Auditores (REA), Registro de Economistas Asesores Fiscales (REAF), de la Asociaci\u00f3n de Expertos en Contabilidad y Administraci\u00f3n (AECA) y de la Asociaci\u00f3n Espa\u00f1ola de Asesores Fiscales.<br><\/p>\n\n\n\n<p>Ha Impartido cursos sobre procedimientos concursales en los Colegios de Economistas de Madrid, Murcia, Albacete, Oviedo, Valladolid, en el Colegio de Abogados de Madrid, as\u00ed como para diferentes entidades privadas (ICADE, Universidad Europea de Madrid, etc.)<\/p>\n<\/div><\/div><\/div>\n<\/div><\/div><\/div>\n","protected":false},"excerpt":{"rendered":"","protected":false},"author":2,"featured_media":944,"parent":73,"menu_order":1,"comment_status":"closed","ping_status":"closed","template":"","meta":{"_genesis_hide_title":false,"_genesis_hide_breadcrumbs":false,"_genesis_hide_singular_image":false,"_genesis_hide_footer_widgets":false,"_genesis_custom_body_class":"fondo-blanco","_genesis_custom_post_class":"sin-borde","_genesis_layout":"md-content"},"featured_image_src":"https:\/\/latorreyasociados.com\/wp-content\/uploads\/2019\/05\/alejandro-latorre-atance-1-e1559231821172-588x400.jpg","featured_image_src_square":"https:\/\/latorreyasociados.com\/wp-content\/uploads\/2019\/05\/alejandro-latorre-atance-1-600x589.jpg","yoast_head":"<!-- This site is optimized with the Yoast SEO plugin v15.5 - https:\/\/yoast.com\/wordpress\/plugins\/seo\/ -->\n<title>Alejandro Latorre Atance | Latorre y Asociados<\/title>\n<meta name=\"description\" content=\"Es uno de los socios fundadores de Latorre y Asociados Consultor\u00eda, S.L. y cuenta con una experiencia en administraci\u00f3n concursal e interventor judicial.\" \/>\n<meta name=\"robots\" content=\"index, follow, max-snippet:-1, max-image-preview:large, max-video-preview:-1\" \/>\n<link rel=\"canonical\" href=\"https:\/\/latorreyasociados.com\/es\/nuestro-equipo\/alejandro-latorre-atance\/\" \/>\n<meta property=\"og:locale\" content=\"es_ES\" \/>\n<meta property=\"og:type\" content=\"article\" \/>\n<meta property=\"og:title\" content=\"Alejandro Latorre Atance | Latorre y Asociados\" \/>\n<meta property=\"og:description\" content=\"Es uno de los socios fundadores de Latorre y Asociados Consultor\u00eda, S.L. y cuenta con una experiencia en administraci\u00f3n concursal e interventor judicial.\" \/>\n<meta property=\"og:url\" content=\"https:\/\/latorreyasociados.com\/es\/nuestro-equipo\/alejandro-latorre-atance\/\" \/>\n<meta property=\"og:site_name\" content=\"Latorre y Asociados\" \/>\n<meta property=\"article:modified_time\" content=\"2020-01-29T20:44:56+00:00\" \/>\n<meta property=\"og:image\" content=\"https:\/\/latorreyasociados.com\/wp-content\/uploads\/2019\/05\/alejandro-latorre-atance-1-e1559231821172.jpg\" \/>\n\t<meta property=\"og:image:width\" content=\"588\" \/>\n\t<meta property=\"og:image:height\" content=\"588\" \/>\n<meta name=\"twitter:card\" content=\"summary_large_image\" \/>\n<meta name=\"twitter:label1\" content=\"Tiempo de lectura\">\n\t<meta name=\"twitter:data1\" content=\"1 minuto\">\n<script type=\"application\/ld+json\" class=\"yoast-schema-graph\">{\"@context\":\"https:\/\/schema.org\",\"@graph\":[{\"@type\":\"WebSite\",\"@id\":\"https:\/\/latorreyasociados.com\/en\/#website\",\"url\":\"https:\/\/latorreyasociados.com\/en\/\",\"name\":\"Latorre y Asociados\",\"description\":\"Firma especializada en la asistencia y asesoramiento a compa\\u00f1\\u00edas espa\\u00f1olas e internacionales\",\"potentialAction\":[{\"@type\":\"SearchAction\",\"target\":\"https:\/\/latorreyasociados.com\/en\/?s={search_term_string}\",\"query-input\":\"required name=search_term_string\"}],\"inLanguage\":\"es\"},{\"@type\":\"ImageObject\",\"@id\":\"https:\/\/latorreyasociados.com\/es\/nuestro-equipo\/alejandro-latorre-atance\/#primaryimage\",\"inLanguage\":\"es\",\"url\":\"https:\/\/latorreyasociados.com\/wp-content\/uploads\/2019\/05\/alejandro-latorre-atance-1-e1559231821172.jpg\",\"width\":588,\"height\":588,\"caption\":\"Retrato con traje y corbata de Alejandro Latorre Atance socio fundador Latorre y Asociados Consultor\\u00eda\"},{\"@type\":\"WebPage\",\"@id\":\"https:\/\/latorreyasociados.com\/es\/nuestro-equipo\/alejandro-latorre-atance\/#webpage\",\"url\":\"https:\/\/latorreyasociados.com\/es\/nuestro-equipo\/alejandro-latorre-atance\/\",\"name\":\"Alejandro Latorre Atance | Latorre y Asociados\",\"isPartOf\":{\"@id\":\"https:\/\/latorreyasociados.com\/en\/#website\"},\"primaryImageOfPage\":{\"@id\":\"https:\/\/latorreyasociados.com\/es\/nuestro-equipo\/alejandro-latorre-atance\/#primaryimage\"},\"datePublished\":\"2019-05-30T15:24:46+00:00\",\"dateModified\":\"2020-01-29T20:44:56+00:00\",\"description\":\"Es uno de los socios fundadores de Latorre y Asociados Consultor\\u00eda, S.L. y cuenta con una experiencia en administraci\\u00f3n concursal e interventor judicial.\",\"inLanguage\":\"es\",\"potentialAction\":[{\"@type\":\"ReadAction\",\"target\":[\"https:\/\/latorreyasociados.com\/es\/nuestro-equipo\/alejandro-latorre-atance\/\"]}]}]}<\/script>\n<!-- \/ Yoast SEO plugin. -->","_links":{"self":[{"href":"https:\/\/latorreyasociados.com\/es\/wp-json\/wp\/v2\/pages\/1102"}],"collection":[{"href":"https:\/\/latorreyasociados.com\/es\/wp-json\/wp\/v2\/pages"}],"about":[{"href":"https:\/\/latorreyasociados.com\/es\/wp-json\/wp\/v2\/types\/page"}],"author":[{"embeddable":true,"href":"https:\/\/latorreyasociados.com\/es\/wp-json\/wp\/v2\/users\/2"}],"replies":[{"embeddable":true,"href":"https:\/\/latorreyasociados.com\/es\/wp-json\/wp\/v2\/comments?post=1102"}],"version-history":[{"count":40,"href":"https:\/\/latorreyasociados.com\/es\/wp-json\/wp\/v2\/pages\/1102\/revisions"}],"predecessor-version":[{"id":2019,"href":"https:\/\/latorreyasociados.com\/es\/wp-json\/wp\/v2\/pages\/1102\/revisions\/2019"}],"up":[{"embeddable":true,"href":"https:\/\/latorreyasociados.com\/es\/wp-json\/wp\/v2\/pages\/73"}],"wp:featuredmedia":[{"embeddable":true,"href":"https:\/\/latorreyasociados.com\/es\/wp-json\/wp\/v2\/media\/944"}],"wp:attachment":[{"href":"https:\/\/latorreyasociados.com\/es\/wp-json\/wp\/v2\/media?parent=1102"}],"curies":[{"name":"wp","href":"https:\/\/api.w.org\/{rel}","templated":true}]}}