{"id":1178,"date":"2019-05-30T19:12:53","date_gmt":"2019-05-30T17:12:53","guid":{"rendered":"https:\/\/latorreyasociados.com\/?page_id=1178"},"modified":"2020-01-29T21:45:14","modified_gmt":"2020-01-29T20:45:14","slug":"alejandro-morales-merino","status":"publish","type":"page","link":"https:\/\/latorreyasociados.com\/es\/nuestro-equipo\/alejandro-morales-merino\/","title":{"rendered":"Alejandro Morales"},"content":{"rendered":"\n<div style=\"background-color:#eff4f1;padding-bottom:10%;padding-top:10%\" class=\"wp-block-atomic-blocks-ab-container ab-block-container alignfull\"><div class=\"ab-container-inside\"><div class=\"ab-container-content\" style=\"max-width:800px\">\n<div style=\"padding-left:5%;padding-right:5%\" class=\"wp-block-atomic-blocks-ab-container ab-block-container\"><div class=\"ab-container-inside\"><div class=\"ab-container-content\" style=\"max-width:1600px\">\n<h2 class=\"has-text-align-left\">Alejandro Morales Merino<\/h2>\n\n\n\n<p class=\"has-medium-font-size\">  <strong>Economista<\/strong> <\/p>\n<\/div><\/div><\/div>\n<\/div><\/div><\/div>\n\n\n\n<div style=\"height:50px\" aria-hidden=\"true\" class=\"wp-block-spacer\"><\/div>\n\n\n\n<div class=\"wp-block-atomic-blocks-ab-container ab-block-container aligncenter\"><div class=\"ab-container-inside\"><div class=\"ab-container-content\" style=\"max-width:1600px\">\n<div class=\"wp-block-atomic-blocks-ab-container ab-block-container\"><div class=\"ab-container-inside\"><div class=\"ab-container-content\" style=\"max-width:1600px\">\n<div class=\"wp-block-atomic-blocks-ab-container ab-block-container\"><div class=\"ab-container-inside\"><div class=\"ab-container-content\" style=\"max-width:1600px\"><\/div><\/div><\/div>\n\n\n\n<div class=\"wp-block-columns\">\n<div class=\"wp-block-column\">\n<figure class=\"wp-block-image size-large is-resized\"><img loading=\"lazy\" src=\"https:\/\/latorreyasociados.com\/wp-content\/uploads\/2019\/05\/alejandro-morales-merino-economista-latorreyasociados.jpg\" alt=\"Retrato con traje y corbata de Alejandro Morales Merino Economista en Latorre y Asociados Consultor\u00eda\" class=\"wp-image-938\" width=\"300\" height=\"300\" srcset=\"https:\/\/latorreyasociados.com\/wp-content\/uploads\/2019\/05\/alejandro-morales-merino-economista-latorreyasociados-150x150.jpg 150w, https:\/\/latorreyasociados.com\/wp-content\/uploads\/2019\/05\/alejandro-morales-merino-economista-latorreyasociados-80x80.jpg 80w\" sizes=\"(max-width: 300px) 100vw, 300px\" \/><\/figure>\n<\/div>\n\n\n\n<div class=\"wp-block-column is-vertically-aligned-center\">\n<div class=\"wp-block-image\"><figure class=\"aligncenter size-large is-resized\"><img loading=\"lazy\" src=\"https:\/\/latorreyasociados.com\/wp-content\/uploads\/2020\/01\/qr-code-12-1024x1024.png\" alt=\"\" class=\"wp-image-1841\" width=\"162\" height=\"162\" srcset=\"https:\/\/latorreyasociados.com\/wp-content\/uploads\/2020\/01\/qr-code-12-1024x1024.png 1024w, https:\/\/latorreyasociados.com\/wp-content\/uploads\/2020\/01\/qr-code-12-150x150.png 150w, https:\/\/latorreyasociados.com\/wp-content\/uploads\/2020\/01\/qr-code-12-80x80.png 80w\" sizes=\"(max-width: 162px) 100vw, 162px\" \/><\/figure><\/div>\n<\/div>\n<\/div>\n\n\n\n<div class=\"icono-peq\"><a href=\"https:\/\/www.linkedin.com\/in\/alejandro-morales-merino-216a5ba8\/\" target=\"_blank\" rel=\"noopener noreferrer\"><svg role=\"img\" class=\"social-linkedin\" aria-labelledby=\"social-linkedin-3\"><title id=\"social-linkedin-3\">LinkedIn<\/title><use xlink:href=\"https:\/\/latorreyasociados.com\/wp-content\/plugins\/simple-social-icons\/symbol-defs.svg#social-linkedin\"><\/use><\/svg><\/a><\/div>\n\n\n\n<h3>Educaci\u00f3n<\/h3>\n\n\n\n<p>  Licenciado en Econom\u00eda por la Universidad Carlos III de Madrid.<\/p>\n\n\n\n<h3>Idiomas<\/h3>\n\n\n\n<p>Espa\u00f1ol, Ingl\u00e9s.<\/p>\n\n\n\n<h3>Perfil Profesional<\/h3>\n\n\n\n<p>Executive master en Ingles Profesional en el Centro Diverbo.<br><\/p>\n\n\n\n<p>Miembro del Colegio de Economistas de Madrid desde el a\u00f1o 2002.<br><\/p>\n\n\n\n<p>Experiencia de m\u00e1s de 15 a\u00f1os en asesor\u00eda contable y fiscal,<br><\/p>\n\n\n\n<p>Antes de su incorporaci\u00f3n en<em>&nbsp;Latorre y Asociados<\/em>&nbsp;en 2011, trabaj\u00f3 en Auxadi como gerente de cuentas acumulando experiencia en todos los sectores, en especial, en sociedades holding.<\/p>\n<\/div><\/div><\/div>\n<\/div><\/div><\/div>\n\n\n\n\n","protected":false},"excerpt":{"rendered":"","protected":false},"author":2,"featured_media":938,"parent":73,"menu_order":1,"comment_status":"closed","ping_status":"closed","template":"","meta":{"_genesis_hide_title":false,"_genesis_hide_breadcrumbs":false,"_genesis_hide_singular_image":false,"_genesis_hide_footer_widgets":false,"_genesis_custom_body_class":"fondo-blanco","_genesis_custom_post_class":"sin-borde","_genesis_layout":"md-content"},"featured_image_src":"https:\/\/latorreyasociados.com\/wp-content\/uploads\/2019\/05\/alejandro-morales-merino-economista-latorreyasociados-600x400.jpg","featured_image_src_square":"https:\/\/latorreyasociados.com\/wp-content\/uploads\/2019\/05\/alejandro-morales-merino-economista-latorreyasociados-600x600.jpg","yoast_head":"<!-- This site is optimized with the Yoast SEO plugin v15.5 - https:\/\/yoast.com\/wordpress\/plugins\/seo\/ -->\n<title>Alejandro Morales Merino | Latorre y Asociados<\/title>\n<meta name=\"description\" content=\"Forma parte del equipo de Latorre y Asociados desde 2011 y tiene una experiencia acumulada de m\u00e1s de 15 a\u00f1os en asesor\u00eda contable y fiscal de empresas.\" \/>\n<meta name=\"robots\" content=\"index, follow, max-snippet:-1, max-image-preview:large, max-video-preview:-1\" \/>\n<link rel=\"canonical\" href=\"https:\/\/latorreyasociados.com\/es\/nuestro-equipo\/alejandro-morales-merino\/\" \/>\n<meta property=\"og:locale\" content=\"es_ES\" \/>\n<meta property=\"og:type\" content=\"article\" \/>\n<meta property=\"og:title\" content=\"Alejandro Morales Merino | Latorre y Asociados\" \/>\n<meta property=\"og:description\" content=\"Forma parte del equipo de Latorre y Asociados desde 2011 y tiene una experiencia acumulada de m\u00e1s de 15 a\u00f1os en asesor\u00eda contable y fiscal de empresas.\" \/>\n<meta property=\"og:url\" content=\"https:\/\/latorreyasociados.com\/es\/nuestro-equipo\/alejandro-morales-merino\/\" \/>\n<meta property=\"og:site_name\" content=\"Latorre y Asociados\" \/>\n<meta property=\"article:modified_time\" content=\"2020-01-29T20:45:14+00:00\" \/>\n<meta property=\"og:image\" content=\"https:\/\/latorreyasociados.com\/wp-content\/uploads\/2019\/05\/alejandro-morales-merino-economista-latorreyasociados.jpg\" \/>\n\t<meta property=\"og:image:width\" content=\"688\" \/>\n\t<meta property=\"og:image:height\" content=\"798\" \/>\n<meta name=\"twitter:card\" content=\"summary_large_image\" \/>\n<meta name=\"twitter:label1\" content=\"Tiempo de lectura\">\n\t<meta name=\"twitter:data1\" content=\"0 minutos\">\n<script type=\"application\/ld+json\" class=\"yoast-schema-graph\">{\"@context\":\"https:\/\/schema.org\",\"@graph\":[{\"@type\":\"WebSite\",\"@id\":\"https:\/\/latorreyasociados.com\/en\/#website\",\"url\":\"https:\/\/latorreyasociados.com\/en\/\",\"name\":\"Latorre y Asociados\",\"description\":\"Firma especializada en la asistencia y asesoramiento a compa\\u00f1\\u00edas espa\\u00f1olas e internacionales\",\"potentialAction\":[{\"@type\":\"SearchAction\",\"target\":\"https:\/\/latorreyasociados.com\/en\/?s={search_term_string}\",\"query-input\":\"required name=search_term_string\"}],\"inLanguage\":\"es\"},{\"@type\":\"ImageObject\",\"@id\":\"https:\/\/latorreyasociados.com\/es\/nuestro-equipo\/alejandro-morales-merino\/#primaryimage\",\"inLanguage\":\"es\",\"url\":\"https:\/\/latorreyasociados.com\/wp-content\/uploads\/2019\/05\/alejandro-morales-merino-economista-latorreyasociados.jpg\",\"width\":688,\"height\":798,\"caption\":\"Retrato con traje y corbata de Alejandro Morales Merino Economista en Latorre y Asociados Consultor\\u00eda\"},{\"@type\":\"WebPage\",\"@id\":\"https:\/\/latorreyasociados.com\/es\/nuestro-equipo\/alejandro-morales-merino\/#webpage\",\"url\":\"https:\/\/latorreyasociados.com\/es\/nuestro-equipo\/alejandro-morales-merino\/\",\"name\":\"Alejandro Morales Merino | Latorre y Asociados\",\"isPartOf\":{\"@id\":\"https:\/\/latorreyasociados.com\/en\/#website\"},\"primaryImageOfPage\":{\"@id\":\"https:\/\/latorreyasociados.com\/es\/nuestro-equipo\/alejandro-morales-merino\/#primaryimage\"},\"datePublished\":\"2019-05-30T17:12:53+00:00\",\"dateModified\":\"2020-01-29T20:45:14+00:00\",\"description\":\"Forma parte del equipo de Latorre y Asociados desde 2011 y tiene una experiencia acumulada de m\\u00e1s de 15 a\\u00f1os en asesor\\u00eda contable y fiscal de empresas.\",\"inLanguage\":\"es\",\"potentialAction\":[{\"@type\":\"ReadAction\",\"target\":[\"https:\/\/latorreyasociados.com\/es\/nuestro-equipo\/alejandro-morales-merino\/\"]}]}]}<\/script>\n<!-- \/ Yoast SEO plugin. -->","_links":{"self":[{"href":"https:\/\/latorreyasociados.com\/es\/wp-json\/wp\/v2\/pages\/1178"}],"collection":[{"href":"https:\/\/latorreyasociados.com\/es\/wp-json\/wp\/v2\/pages"}],"about":[{"href":"https:\/\/latorreyasociados.com\/es\/wp-json\/wp\/v2\/types\/page"}],"author":[{"embeddable":true,"href":"https:\/\/latorreyasociados.com\/es\/wp-json\/wp\/v2\/users\/2"}],"replies":[{"embeddable":true,"href":"https:\/\/latorreyasociados.com\/es\/wp-json\/wp\/v2\/comments?post=1178"}],"version-history":[{"count":7,"href":"https:\/\/latorreyasociados.com\/es\/wp-json\/wp\/v2\/pages\/1178\/revisions"}],"predecessor-version":[{"id":2020,"href":"https:\/\/latorreyasociados.com\/es\/wp-json\/wp\/v2\/pages\/1178\/revisions\/2020"}],"up":[{"embeddable":true,"href":"https:\/\/latorreyasociados.com\/es\/wp-json\/wp\/v2\/pages\/73"}],"wp:featuredmedia":[{"embeddable":true,"href":"https:\/\/latorreyasociados.com\/es\/wp-json\/wp\/v2\/media\/938"}],"wp:attachment":[{"href":"https:\/\/latorreyasociados.com\/es\/wp-json\/wp\/v2\/media?parent=1178"}],"curies":[{"name":"wp","href":"https:\/\/api.w.org\/{rel}","templated":true}]}}