{"id":12,"date":"2019-04-17T18:19:36","date_gmt":"2019-04-17T16:19:36","guid":{"rendered":"https:\/\/latorreyasociados.com\/?page_id=12"},"modified":"2020-01-30T16:11:26","modified_gmt":"2020-01-30T15:11:26","slug":"direccion-y-contacto","status":"publish","type":"page","link":"https:\/\/latorreyasociados.com\/es\/direccion-y-contacto\/","title":{"rendered":"Direcci\u00f3n y contacto"},"content":{"rendered":"\n<p class=\"has-medium-font-size\">Estos son los datos de contacto de&nbsp;<strong>Latorre y Asociados<\/strong>.&nbsp;Puede comunicarse con nosotros de la forma que le&nbsp;resulte m\u00e1s c\u00f3moda \u00a1estaremos encantados de atenderle!<\/p>\n\n\n\n<div align=\"center\"><iframe src=\"https:\/\/www.google.com\/maps\/embed?pb=!1m14!1m8!1m3!1d12144.775018603612!2d-3.6759905!3d40.4488484!3m2!1i1024!2i768!4f13.1!3m3!1m2!1s0x0%3A0x60b75a8eeef6eb9c!2sLatorre+y+Asociados+Consultor%C3%ADa+S.L.!5e0!3m2!1ses!2spt!4v1555960294633!5m2!1ses!2spt\" width=\"600\" height=\"450\" frameborder=\"0\" style=\"border:0\" allowfullscreen=\"\"><\/iframe><\/div>\n\n\n\n<div style=\"height:30px\" aria-hidden=\"true\" class=\"wp-block-spacer\"><\/div>\n\n\n\n<h3 class=\"has-text-align-center\">Ll\u00e1menos al <strong>+34 91 781 82 40<\/strong><\/h3>\n\n\n\n<p class=\"has-text-align-center has-medium-font-size\">o env\u00edenos un mensaje a trav\u00e9s del formulario m\u00e1s abajo.<br>Le contestaremos con la mayor brevedad posible.<\/p>\n\n\n<div class=\"wpforms-container wpforms-container-full\" id=\"wpforms-45\"><form id=\"wpforms-form-45\" class=\"wpforms-validate wpforms-form\" data-formid=\"45\" method=\"post\" enctype=\"multipart\/form-data\" action=\"\/es\/wp-json\/wp\/v2\/pages\/12\" data-token=\"c3cbe8edf2096d68a6aaa9dc0762ce5c\"><noscript class=\"wpforms-error-noscript\">Por favor, activa JavaScript en tu navegador para completar este formulario.<\/noscript><div class=\"wpforms-field-container\"><div id=\"wpforms-45-field_0-container\" class=\"wpforms-field wpforms-field-name\" data-field-id=\"0\"><label class=\"wpforms-field-label\" for=\"wpforms-45-field_0\">Su nombre <span class=\"wpforms-required-label\">*<\/span><\/label><input type=\"text\" id=\"wpforms-45-field_0\" class=\"wpforms-field-large wpforms-field-required\" name=\"wpforms[fields][0]\" required><\/div><div id=\"wpforms-45-field_1-container\" class=\"wpforms-field wpforms-field-email\" data-field-id=\"1\"><label class=\"wpforms-field-label\" for=\"wpforms-45-field_1\">Su email <span class=\"wpforms-required-label\">*<\/span><\/label><input type=\"email\" id=\"wpforms-45-field_1\" class=\"wpforms-field-large wpforms-field-required\" name=\"wpforms[fields][1]\" required><\/div><div id=\"wpforms-45-field_3-container\" class=\"wpforms-field wpforms-field-number\" data-field-id=\"3\"><label class=\"wpforms-field-label\" for=\"wpforms-45-field_3\">Su tel\u00e9fono<\/label><input type=\"number\" pattern=\"\\d*\" id=\"wpforms-45-field_3\" class=\"wpforms-field-large\" name=\"wpforms[fields][3]\" ><\/div><div id=\"wpforms-45-field_2-container\" class=\"wpforms-field wpforms-field-textarea\" data-field-id=\"2\"><label class=\"wpforms-field-label\" for=\"wpforms-45-field_2\">Comentario o mensaje <span class=\"wpforms-required-label\">*<\/span><\/label><textarea id=\"wpforms-45-field_2\" class=\"wpforms-field-medium wpforms-field-required\" name=\"wpforms[fields][2]\" required><\/textarea><\/div><div id=\"wpforms-45-field_4-container\" class=\"wpforms-field wpforms-field-checkbox\" data-field-id=\"4\"><label class=\"wpforms-field-label\" for=\"wpforms-45-field_4\">Por favor marque la casilla <span class=\"wpforms-required-label\">*<\/span><\/label><ul id=\"wpforms-45-field_4\" class=\"wpforms-field-required\" data-choice-limit=\"1\"><li class=\"choice-1 depth-1\"><input type=\"checkbox\" id=\"wpforms-45-field_4_1\" data-rule-check-limit=\"true\" name=\"wpforms[fields][4][]\" value=\"Acepto la &lt;a href=&quot;https:\/\/latorreyasociados.com\/ley-proteccion-datos\/&quot; target=&quot;_blank&quot;&gt;pol\u00edtica de privacidad&lt;\/a&gt;\" required ><label class=\"wpforms-field-label-inline\" for=\"wpforms-45-field_4_1\">Acepto la <a href=\"https:\/\/latorreyasociados.com\/ley-proteccion-datos\/\" target=\"_blank\">pol\u00edtica de privacidad<\/a><\/label><\/li><\/ul><\/div><\/div><div class=\"wpforms-field wpforms-field-hp\"><label for=\"wpforms-45-field-hp\" class=\"wpforms-field-label\">Name<\/label><input type=\"text\" name=\"wpforms[hp]\" id=\"wpforms-45-field-hp\" class=\"wpforms-field-medium\"><\/div><div class=\"wpforms-submit-container\" ><input type=\"hidden\" name=\"wpforms[id]\" value=\"45\"><input type=\"hidden\" name=\"wpforms[author]\" value=\"2\"><button type=\"submit\" name=\"wpforms[submit]\" class=\"wpforms-submit \" id=\"wpforms-submit-45\" value=\"wpforms-submit\" aria-live=\"assertive\" data-alt-text=\"Enviando...\" data-submit-text=\"Enviar\">Enviar<\/button><\/div><\/form><\/div>  <!-- .wpforms-container -->","protected":false},"excerpt":{"rendered":"<p>Estos son los datos de contacto de&nbsp;Latorre y Asociados.&nbsp;Puede comunicarse con nosotros de la forma que le&nbsp;resulte m\u00e1s c\u00f3moda \u00a1estaremos encantados de atenderle! Ll\u00e1menos al +34 91 781 82 40 o env\u00edenos un mensaje a trav\u00e9s del formulario m\u00e1s abajo.Le contestaremos con la mayor brevedad posible.<\/p>\n","protected":false},"author":2,"featured_media":0,"parent":0,"menu_order":0,"comment_status":"closed","ping_status":"closed","template":"","meta":{"_genesis_hide_title":false,"_genesis_hide_breadcrumbs":false,"_genesis_hide_singular_image":false,"_genesis_hide_footer_widgets":false,"_genesis_custom_body_class":"","_genesis_custom_post_class":"sin-borde","_genesis_layout":"md-content"},"featured_image_src":null,"featured_image_src_square":null,"yoast_head":"<!-- This site is optimized with the Yoast SEO plugin v15.5 - https:\/\/yoast.com\/wordpress\/plugins\/seo\/ -->\n<title>Contacto | Latorre y Asociados<\/title>\n<meta name=\"description\" content=\"Para cualquier consulta, puede contactar con Latorre y Asociados por tel\u00e9fono, por email o rellenando el formulario de contacto de la web.\" \/>\n<meta name=\"robots\" content=\"index, follow, max-snippet:-1, max-image-preview:large, max-video-preview:-1\" \/>\n<link rel=\"canonical\" href=\"https:\/\/latorreyasociados.com\/es\/direccion-y-contacto\/\" \/>\n<meta property=\"og:locale\" content=\"es_ES\" \/>\n<meta property=\"og:type\" content=\"article\" \/>\n<meta property=\"og:title\" content=\"Contacto | Latorre y Asociados\" \/>\n<meta property=\"og:description\" content=\"Para cualquier consulta, puede contactar con Latorre y Asociados por tel\u00e9fono, por email o rellenando el formulario de contacto de la web.\" \/>\n<meta property=\"og:url\" content=\"https:\/\/latorreyasociados.com\/es\/direccion-y-contacto\/\" \/>\n<meta property=\"og:site_name\" content=\"Latorre y Asociados\" \/>\n<meta property=\"article:modified_time\" content=\"2020-01-30T15:11:26+00:00\" \/>\n<meta name=\"twitter:card\" content=\"summary_large_image\" \/>\n<meta name=\"twitter:label1\" content=\"Tiempo de lectura\">\n\t<meta name=\"twitter:data1\" content=\"0 minutos\">\n<script type=\"application\/ld+json\" class=\"yoast-schema-graph\">{\"@context\":\"https:\/\/schema.org\",\"@graph\":[{\"@type\":\"WebSite\",\"@id\":\"https:\/\/latorreyasociados.com\/en\/#website\",\"url\":\"https:\/\/latorreyasociados.com\/en\/\",\"name\":\"Latorre y Asociados\",\"description\":\"Firma especializada en la asistencia y asesoramiento a compa\\u00f1\\u00edas espa\\u00f1olas e internacionales\",\"potentialAction\":[{\"@type\":\"SearchAction\",\"target\":\"https:\/\/latorreyasociados.com\/en\/?s={search_term_string}\",\"query-input\":\"required name=search_term_string\"}],\"inLanguage\":\"es\"},{\"@type\":\"WebPage\",\"@id\":\"https:\/\/latorreyasociados.com\/es\/direccion-y-contacto\/#webpage\",\"url\":\"https:\/\/latorreyasociados.com\/es\/direccion-y-contacto\/\",\"name\":\"Contacto | Latorre y Asociados\",\"isPartOf\":{\"@id\":\"https:\/\/latorreyasociados.com\/en\/#website\"},\"datePublished\":\"2019-04-17T16:19:36+00:00\",\"dateModified\":\"2020-01-30T15:11:26+00:00\",\"description\":\"Para cualquier consulta, puede contactar con Latorre y Asociados por tel\\u00e9fono, por email o rellenando el formulario de contacto de la web.\",\"inLanguage\":\"es\",\"potentialAction\":[{\"@type\":\"ReadAction\",\"target\":[\"https:\/\/latorreyasociados.com\/es\/direccion-y-contacto\/\"]}]}]}<\/script>\n<!-- \/ Yoast SEO plugin. -->","_links":{"self":[{"href":"https:\/\/latorreyasociados.com\/es\/wp-json\/wp\/v2\/pages\/12"}],"collection":[{"href":"https:\/\/latorreyasociados.com\/es\/wp-json\/wp\/v2\/pages"}],"about":[{"href":"https:\/\/latorreyasociados.com\/es\/wp-json\/wp\/v2\/types\/page"}],"author":[{"embeddable":true,"href":"https:\/\/latorreyasociados.com\/es\/wp-json\/wp\/v2\/users\/2"}],"replies":[{"embeddable":true,"href":"https:\/\/latorreyasociados.com\/es\/wp-json\/wp\/v2\/comments?post=12"}],"version-history":[{"count":26,"href":"https:\/\/latorreyasociados.com\/es\/wp-json\/wp\/v2\/pages\/12\/revisions"}],"predecessor-version":[{"id":1714,"href":"https:\/\/latorreyasociados.com\/es\/wp-json\/wp\/v2\/pages\/12\/revisions\/1714"}],"wp:attachment":[{"href":"https:\/\/latorreyasociados.com\/es\/wp-json\/wp\/v2\/media?parent=12"}],"curies":[{"name":"wp","href":"https:\/\/api.w.org\/{rel}","templated":true}]}}