{"id":1388,"date":"2019-10-22T11:29:48","date_gmt":"2019-10-22T09:29:48","guid":{"rendered":"https:\/\/latorreyasociados.com\/?page_id=1388"},"modified":"2019-10-23T11:00:47","modified_gmt":"2019-10-23T09:00:47","slug":"ley-de-cookies","status":"publish","type":"page","link":"https:\/\/latorreyasociados.com\/es\/ley-de-cookies\/","title":{"rendered":"Ley de cookies"},"content":{"rendered":"\n<h2>Qu\u00e9 son, por qu\u00e9 y para qu\u00e9 se utilizan las cookies<\/h2>\n\n\n\n<p>Escribimos algunas cookies en tu ordenador con el \u00fanico fin de facilitarte&nbsp;la usabilidad de nuestra web.<\/p>\n\n\n\n<p>Las cookies son peque\u00f1os archivos de texto que se guardan en tu ordenador&nbsp;cuando visitas nuestra web y que luego utilizamos para recordar tu estado la pr\u00f3xima vez que entres, para que no tengas que volver a identificarte.&nbsp;<br><br>Las cookies utilizadas son de dos tipos:<\/p>\n\n\n\n<ul><li>Cookies de sesi\u00f3n, que no se almacenan en el equipo del usuario pero se necesitan durante cada sesi\u00f3n de uso en cada servicio web; son imprescindibles para el funcionamiento correcto de la web.<\/li><li>Cookies almacenadas temporalmente en el equipo del usuario, y que se utilizan para la personalizaci\u00f3n del contenido, o para realizar estudios estad\u00edsticos y agregados del uso que los usuarios hacen del servicio, para que puedamos mejorar y optimizar; utilizamos los servicios de Google Analytics para ello.<\/li><\/ul>\n\n\n\n<p><strong>No podemos garantizar el funcionamiento correcto del servicio si impides el uso de cookies<\/strong>, es posible desactivarlas utilizando las caracter\u00edsticas del sistema operativo o navegador que utilices; como hay decenas de combinaciones de navegadores en el mercado (equipos dom\u00e9sticos, port\u00e1tiles, en m\u00f3viles, consolas de videojuegos, tablets con diversos sistemas operativos y cada uno con sistemas operativos y navegadores alternativos), recomendamos que se consulte la documentaci\u00f3n de cada navegador para saber c\u00f3mo desactivar el uso de cookies. En cualquier caso, para los navegadores m\u00e1s utilizados, los desarrolladores tienen documentaci\u00f3n disponible en sus webs:<\/p>\n\n\n\n<ul><li>c\u00f3mo administrar cookies en <a href=\"http:\/\/support.google.com\/chrome\/bin\/answer.py?hl=es&amp;answer=95647\" rel=\"nofollow\">Google Chrome<\/a><\/li><li>c\u00f3mo administrar cookies en <a href=\"http:\/\/windows.microsoft.com\/es-es\/internet-explorer\/delete-manage-cookies\" rel=\"nofollow\">Microsoft Internet Explorer<\/a><\/li><li>c\u00f3mo administrar cookies en <a href=\"http:\/\/support.mozilla.org\/es\/kb\/Habilitar%20y%20deshabilitar%20cookies?s=cookie&amp;r=1&amp;e=es&amp;as=s7\" rel=\"nofollow\">Mozilla FireFox<\/a><\/li><li>c\u00f3mo administrar cookies en <a href=\"http:\/\/support.apple.com\/kb\/DL1070?viewlocale=es_ES\" rel=\"nofollow\">Apple Safari<\/a><\/li><li>c\u00f3mo administrar cookies en <a href=\"http:\/\/help.opera.com\/Linux\/10.60\/es-ES\/cookies.html\" rel=\"nofollow\">Opera<\/a><\/li><\/ul>\n\n\n\n<div class=\"wp-block-button aligncenter is-style-squared\"><a class=\"wp-block-button__link has-text-color has-very-dark-gray-color has-background\" href=\"https:\/\/latorreyasociados.com\/direccion-y-contacto\/\" style=\"background-color:#b2dac0\">Solicite m\u00e1s informaci\u00f3n<\/a><\/div>\n","protected":false},"excerpt":{"rendered":"<p>Qu\u00e9 son, por qu\u00e9 y para qu\u00e9 se utilizan las cookies Escribimos algunas cookies en tu ordenador con el \u00fanico fin de facilitarte&nbsp;la usabilidad de nuestra web. Las cookies son peque\u00f1os archivos de texto que se guardan en tu ordenador&nbsp;cuando visitas nuestra web y que luego utilizamos para recordar tu estado la pr\u00f3xima vez que &hellip;<\/p>\n","protected":false},"author":2,"featured_media":0,"parent":0,"menu_order":0,"comment_status":"closed","ping_status":"closed","template":"","meta":{"_genesis_hide_title":false,"_genesis_hide_breadcrumbs":false,"_genesis_hide_singular_image":false,"_genesis_hide_footer_widgets":false,"_genesis_custom_body_class":"","_genesis_custom_post_class":"","_genesis_layout":"full-width-content"},"featured_image_src":null,"featured_image_src_square":null,"yoast_head":"<!-- This site is optimized with the Yoast SEO plugin v15.5 - https:\/\/yoast.com\/wordpress\/plugins\/seo\/ -->\n<title>Ley de cookies - Latorre y Asociados<\/title>\n<meta name=\"robots\" content=\"noindex, nofollow\" \/>\n<meta property=\"og:locale\" content=\"es_ES\" \/>\n<meta property=\"og:type\" content=\"article\" \/>\n<meta property=\"og:title\" content=\"Ley de cookies - Latorre y Asociados\" \/>\n<meta property=\"og:description\" content=\"Qu\u00e9 son, por qu\u00e9 y para qu\u00e9 se utilizan las cookies Escribimos algunas cookies en tu ordenador con el \u00fanico fin de facilitarte&nbsp;la usabilidad de nuestra web. Las cookies son peque\u00f1os archivos de texto que se guardan en tu ordenador&nbsp;cuando visitas nuestra web y que luego utilizamos para recordar tu estado la pr\u00f3xima vez que &hellip;\" \/>\n<meta property=\"og:url\" content=\"https:\/\/latorreyasociados.com\/es\/ley-de-cookies\/\" \/>\n<meta property=\"og:site_name\" content=\"Latorre y Asociados\" \/>\n<meta property=\"article:modified_time\" content=\"2019-10-23T09:00:47+00:00\" \/>\n<meta name=\"twitter:card\" content=\"summary_large_image\" \/>\n<meta name=\"twitter:label1\" content=\"Tiempo de lectura\">\n\t<meta name=\"twitter:data1\" content=\"1 minuto\">\n<script type=\"application\/ld+json\" class=\"yoast-schema-graph\">{\"@context\":\"https:\/\/schema.org\",\"@graph\":[{\"@type\":\"WebSite\",\"@id\":\"https:\/\/latorreyasociados.com\/en\/#website\",\"url\":\"https:\/\/latorreyasociados.com\/en\/\",\"name\":\"Latorre y Asociados\",\"description\":\"Firma especializada en la asistencia y asesoramiento a compa\\u00f1\\u00edas espa\\u00f1olas e internacionales\",\"potentialAction\":[{\"@type\":\"SearchAction\",\"target\":\"https:\/\/latorreyasociados.com\/en\/?s={search_term_string}\",\"query-input\":\"required name=search_term_string\"}],\"inLanguage\":\"es\"},{\"@type\":\"WebPage\",\"@id\":\"https:\/\/latorreyasociados.com\/es\/ley-de-cookies\/#webpage\",\"url\":\"https:\/\/latorreyasociados.com\/es\/ley-de-cookies\/\",\"name\":\"Ley de cookies - Latorre y Asociados\",\"isPartOf\":{\"@id\":\"https:\/\/latorreyasociados.com\/en\/#website\"},\"datePublished\":\"2019-10-22T09:29:48+00:00\",\"dateModified\":\"2019-10-23T09:00:47+00:00\",\"inLanguage\":\"es\",\"potentialAction\":[{\"@type\":\"ReadAction\",\"target\":[\"https:\/\/latorreyasociados.com\/es\/ley-de-cookies\/\"]}]}]}<\/script>\n<!-- \/ Yoast SEO plugin. -->","_links":{"self":[{"href":"https:\/\/latorreyasociados.com\/es\/wp-json\/wp\/v2\/pages\/1388"}],"collection":[{"href":"https:\/\/latorreyasociados.com\/es\/wp-json\/wp\/v2\/pages"}],"about":[{"href":"https:\/\/latorreyasociados.com\/es\/wp-json\/wp\/v2\/types\/page"}],"author":[{"embeddable":true,"href":"https:\/\/latorreyasociados.com\/es\/wp-json\/wp\/v2\/users\/2"}],"replies":[{"embeddable":true,"href":"https:\/\/latorreyasociados.com\/es\/wp-json\/wp\/v2\/comments?post=1388"}],"version-history":[{"count":5,"href":"https:\/\/latorreyasociados.com\/es\/wp-json\/wp\/v2\/pages\/1388\/revisions"}],"predecessor-version":[{"id":1601,"href":"https:\/\/latorreyasociados.com\/es\/wp-json\/wp\/v2\/pages\/1388\/revisions\/1601"}],"wp:attachment":[{"href":"https:\/\/latorreyasociados.com\/es\/wp-json\/wp\/v2\/media?parent=1388"}],"curies":[{"name":"wp","href":"https:\/\/api.w.org\/{rel}","templated":true}]}}