{"id":140,"date":"2019-05-06T19:28:51","date_gmt":"2019-05-06T17:28:51","guid":{"rendered":"https:\/\/latorreyasociados.com\/?page_id=140"},"modified":"2020-01-31T10:34:24","modified_gmt":"2020-01-31T09:34:24","slug":"areas-de-practica","status":"publish","type":"page","link":"https:\/\/latorreyasociados.com\/es\/areas-de-practica\/","title":{"rendered":"\u00c1reas de Pr\u00e1ctica"},"content":{"rendered":"\n<div style=\"padding-left:5%;padding-right:5%\" class=\"wp-block-atomic-blocks-ab-container ab-block-container alignfull\"><div class=\"ab-container-inside\"><div class=\"ab-container-content\" style=\"max-width:900px\">\n<div class=\"wp-block-media-text alignwide is-stacked-on-mobile\"><figure class=\"wp-block-media-text__media\"><img loading=\"lazy\" width=\"1024\" height=\"737\" src=\"https:\/\/latorreyasociados.com\/wp-content\/uploads\/2019\/05\/Interior-de-la-oficina-Latorre-y-Asociados-1024x737.jpg\" alt=\"\" class=\"wp-image-959\" srcset=\"https:\/\/latorreyasociados.com\/wp-content\/uploads\/2019\/05\/Interior-de-la-oficina-Latorre-y-Asociados-1024x737.jpg 1024w, https:\/\/latorreyasociados.com\/wp-content\/uploads\/2019\/05\/Interior-de-la-oficina-Latorre-y-Asociados-300x216.jpg 300w, https:\/\/latorreyasociados.com\/wp-content\/uploads\/2019\/05\/Interior-de-la-oficina-Latorre-y-Asociados-768x553.jpg 768w\" sizes=\"(max-width: 1024px) 100vw, 1024px\" \/><\/figure><div class=\"wp-block-media-text__content\">\n<h4 class=\"margen-top\"><strong>Contabilidad y cumplimiento fiscal<\/strong><\/h4>\n\n\n\n<ul><li>Llevanza de los libros contables, formulaci\u00f3n y presentaci\u00f3n de las cuentas anuales abreviadas, ordinarias y consolidadas.<\/li><li>An\u00e1lisis, revisi\u00f3n y actualizaci\u00f3n de los estados financieros.<\/li><li>Altas de sociedades en impuestos y en las respectivas actividades.<\/li><li>Preparaci\u00f3n, presentaci\u00f3n y seguimiento de las declaraciones fiscales, tanto peri\u00f3dicas como extraordinarias.<\/li><li>Representaci\u00f3n ante la Administraci\u00f3n Tributaria. <\/li><\/ul>\n\n\n\n<h4><strong>Gesti\u00f3n financiera<\/strong><\/h4>\n\n\n\n<ul><li>Revisi\u00f3n, an\u00e1lisis y organizaci\u00f3n de la estructura financiera y flujos de caja.<\/li><li>B\u00fasqueda, negociaci\u00f3n y consecuci\u00f3n de financiaci\u00f3n o refinanciaci\u00f3n.<\/li><li>Asistencia en los procesos de <em>Compliance<\/em> y <em>KYC<\/em> <em>(Know Your Client).<\/em><\/li><li>Gesti\u00f3n de la operativa bancaria y financiera. <\/li><\/ul>\n\n\n\n<h4><strong>Gesti\u00f3n de sociedades<\/strong><\/h4>\n\n\n\n<ul><li>Venta de sociedades y veh\u00edculos de inversi\u00f3n (<em>shelfcos<\/em>).<\/li><li>Servicios de representaci\u00f3n de sociedades.<\/li><li>Domiciliaci\u00f3n de sociedades y monitorizaci\u00f3n de la Direcci\u00f3n Electr\u00f3nica Habilitada (DEH) ante las autoridades tributarias.<\/li><li>Coordinaci\u00f3n y recogida de documentaci\u00f3n en Notar\u00edas y apostilla de documentos.<\/li><li>Presentaci\u00f3n de documentos susceptibles de inscripci\u00f3n en los registros p\u00fablicos correspondientes (Registro Mercantil, Registro de la Propiedad, etc.) y seguimiento hasta su efectiva inscripci\u00f3n.<\/li><li>Gestiones administrativas ante todo tipo de Administraciones y Organismos P\u00fablicos.<\/li><li>Obtenci\u00f3n de NIF para personas jur\u00eddicas extranjeras; y NIE para personas f\u00edsicas extranjeras.<\/li><\/ul>\n<\/div><\/div>\n\n\n\n<div style=\"height:30px\" aria-hidden=\"true\" class=\"wp-block-spacer\"><\/div>\n<\/div><\/div><\/div>\n\n\n\n<div class=\"wp-block-atomic-blocks-ab-container ab-block-container alignfull\"><div class=\"ab-container-inside\"><div class=\"ab-container-content\" style=\"max-width:900px\">\n<div class=\"wp-block-media-text alignwide has-media-on-the-right is-stacked-on-mobile\"><figure class=\"wp-block-media-text__media\"><img loading=\"lazy\" width=\"800\" height=\"533\" src=\"https:\/\/latorreyasociados.com\/wp-content\/uploads\/2019\/05\/sala-de-juntas-de-Latorre-y-Asociados-Consultoria.jpg\" alt=\"\" class=\"wp-image-962\" srcset=\"https:\/\/latorreyasociados.com\/wp-content\/uploads\/2019\/05\/sala-de-juntas-de-Latorre-y-Asociados-Consultoria.jpg 800w, https:\/\/latorreyasociados.com\/wp-content\/uploads\/2019\/05\/sala-de-juntas-de-Latorre-y-Asociados-Consultoria-300x200.jpg 300w, https:\/\/latorreyasociados.com\/wp-content\/uploads\/2019\/05\/sala-de-juntas-de-Latorre-y-Asociados-Consultoria-768x512.jpg 768w, https:\/\/latorreyasociados.com\/wp-content\/uploads\/2019\/05\/sala-de-juntas-de-Latorre-y-Asociados-Consultoria-600x400.jpg 600w\" sizes=\"(max-width: 800px) 100vw, 800px\" \/><\/figure><div class=\"wp-block-media-text__content\">\n<h4 class=\"margen-top\"><strong>Legal<\/strong><\/h4>\n\n\n\n<ul><li>Asesoramiento jur\u00eddico en procesos de compra y adquisiciones de sociedades, tanto en contextos de solvencia como en <em>distress<\/em>.<\/li><li>Contrataci\u00f3n mercantil: negociaci\u00f3n, redacci\u00f3n y revisi\u00f3n de contratos.<\/li><li>Secretaria: asesoramiento, redacci\u00f3n y ejecuci\u00f3n de los acuerdos sociales de los \u00f3rganos de gobierno de las sociedades (juntas de socios, socio \u00fanico y \u00f3rganos de administraci\u00f3n); llevanza de los libros societarios.<\/li><li>Asistencia letrada en procedimientos judiciales de \u00edndole mercantil.<\/li><\/ul>\n\n\n\n<h4><strong>Laboral<\/strong><\/h4>\n\n\n\n<ul><li>Negociaci\u00f3n y redacci\u00f3n de contratos de trabajo, contratos de alta direcci\u00f3n y contratos merca<\/li><li>ntiles de prestaci\u00f3n de servicios. <\/li><li>Asistencia en el cumplimiento de las obligaciones ante la Tesorer\u00eda General de la Seguridad Social. <\/li><li>Confecci\u00f3n y llevanza de n\u00f3minas. <\/li><li> Optimizaci\u00f3n de costes en la contrataci\u00f3n de personal. <\/li><li>Actualizaciones, negociaciones y aplazamientos de deuda con la Tesorer\u00eda General de la Seguridad Social. <\/li><\/ul>\n\n\n\n<h4><strong>Restructuraciones<\/strong><\/h4>\n\n\n\n<ul><li>Asesoramiento a empresas en situaciones de pre-concurso de acreedores (5.bis Ley Concursal).<\/li><li>Preparaci\u00f3n y presentaci\u00f3n de demandas de declaraci\u00f3n de concurso de acreedores.<\/li><li>Asistencia letrada a la empresa declarada en concurso de acreedores a lo largo de todo el procedimiento, desde su declaraci\u00f3n hasta la finalizaci\u00f3n del mismo.<\/li><li>Confecci\u00f3n de informes y memorias econ\u00f3micas, as\u00ed como planes de viabilidad.<\/li><li>Asesoramiento jur\u00eddico y representaci\u00f3n de acreedores en procesos concursales y defensa de sus cr\u00e9ditos e intereses.<\/li><\/ul>\n<\/div><\/div>\n\n\n\n\n<\/div><\/div><\/div>\n\n\n\n<div style=\"height:20px\" aria-hidden=\"true\" class=\"wp-block-spacer\"><\/div>\n\n\n\n<div class=\"wp-block-media-text alignfull has-background is-stacked-on-mobile banner-contacto\" style=\"background-color:#f4f4f4;grid-template-columns:55% auto\"><figure class=\"wp-block-media-text__media\"><img loading=\"lazy\" width=\"1024\" height=\"455\" src=\"https:\/\/latorreyasociados.com\/wp-content\/uploads\/2019\/05\/latorreyasociados_consultoria_home-1024x455.jpg\" alt=\"\" class=\"wp-image-186\" srcset=\"https:\/\/latorreyasociados.com\/wp-content\/uploads\/2019\/05\/latorreyasociados_consultoria_home-1024x455.jpg 1024w, https:\/\/latorreyasociados.com\/wp-content\/uploads\/2019\/05\/latorreyasociados_consultoria_home-300x133.jpg 300w, https:\/\/latorreyasociados.com\/wp-content\/uploads\/2019\/05\/latorreyasociados_consultoria_home-768x341.jpg 768w\" sizes=\"(max-width: 1024px) 100vw, 1024px\" \/><\/figure><div class=\"wp-block-media-text__content\">\n<p class=\"margen-top\">\u00bfC\u00f3mo podemos ayudarle?<\/p>\n\n\n\n<p style=\"font-size:25px\">Ll\u00e1menos al                 <strong>+34 91 781 82 40<\/strong><\/p>\n\n\n\n<p>o env\u00edenos un mensaje a trav\u00e9s del formulario m\u00e1s abajo. Le contestaremos con la mayor brevedad posible.<\/p>\n\n\n\n<div class=\"wp-block-button\"><a class=\"wp-block-button__link has-text-color has-very-dark-gray-color has-background no-border-radius\" href=\"https:\/\/latorreyasociados.com\/direccion-y-contacto\/\" style=\"background-color:#b2dac0\"><strong>Ir al formulario<\/strong><\/a><\/div>\n<\/div><\/div>\n\n\n\n<div style=\"height:20px\" aria-hidden=\"true\" class=\"wp-block-spacer\"><\/div>\n","protected":false},"excerpt":{"rendered":"","protected":false},"author":2,"featured_media":0,"parent":0,"menu_order":0,"comment_status":"closed","ping_status":"closed","template":"","meta":{"_genesis_hide_title":false,"_genesis_hide_breadcrumbs":false,"_genesis_hide_singular_image":false,"_genesis_hide_footer_widgets":false,"_genesis_custom_body_class":"fondo-blanco","_genesis_custom_post_class":"sin-borde","_genesis_layout":"md-content"},"featured_image_src":null,"featured_image_src_square":null,"yoast_head":"<!-- This site is optimized with the Yoast SEO plugin v15.5 - https:\/\/yoast.com\/wordpress\/plugins\/seo\/ -->\n<title>\u00c1reas de Pr\u00e1ctica | Latorre y Asociados<\/title>\n<meta name=\"description\" content=\"La estructura organizativa empresarial de Latorre y Asociados es capaz de cubrir las necesidades de su empresa a trav\u00e9s de nuestros servicios integrales.\" \/>\n<meta name=\"robots\" content=\"index, follow, max-snippet:-1, max-image-preview:large, max-video-preview:-1\" \/>\n<link rel=\"canonical\" href=\"https:\/\/latorreyasociados.com\/es\/areas-de-practica\/\" \/>\n<meta property=\"og:locale\" content=\"es_ES\" \/>\n<meta property=\"og:type\" content=\"article\" \/>\n<meta property=\"og:title\" content=\"\u00c1reas de Pr\u00e1ctica | Latorre y Asociados\" \/>\n<meta property=\"og:description\" content=\"La estructura organizativa empresarial de Latorre y Asociados es capaz de cubrir las necesidades de su empresa a trav\u00e9s de nuestros servicios integrales.\" \/>\n<meta property=\"og:url\" content=\"https:\/\/latorreyasociados.com\/es\/areas-de-practica\/\" \/>\n<meta property=\"og:site_name\" content=\"Latorre y Asociados\" \/>\n<meta property=\"article:modified_time\" content=\"2020-01-31T09:34:24+00:00\" \/>\n<meta property=\"og:image\" content=\"https:\/\/latorreyasociados.com\/wp-content\/uploads\/2019\/05\/Interior-de-la-oficina-Latorre-y-Asociados-1024x737.jpg\" \/>\n<meta name=\"twitter:card\" content=\"summary_large_image\" \/>\n<meta name=\"twitter:label1\" content=\"Tiempo de lectura\">\n\t<meta name=\"twitter:data1\" content=\"2 minutos\">\n<script type=\"application\/ld+json\" class=\"yoast-schema-graph\">{\"@context\":\"https:\/\/schema.org\",\"@graph\":[{\"@type\":\"WebSite\",\"@id\":\"https:\/\/latorreyasociados.com\/en\/#website\",\"url\":\"https:\/\/latorreyasociados.com\/en\/\",\"name\":\"Latorre y Asociados\",\"description\":\"Firma especializada en la asistencia y asesoramiento a compa\\u00f1\\u00edas espa\\u00f1olas e internacionales\",\"potentialAction\":[{\"@type\":\"SearchAction\",\"target\":\"https:\/\/latorreyasociados.com\/en\/?s={search_term_string}\",\"query-input\":\"required name=search_term_string\"}],\"inLanguage\":\"es\"},{\"@type\":\"ImageObject\",\"@id\":\"https:\/\/latorreyasociados.com\/es\/areas-de-practica\/#primaryimage\",\"inLanguage\":\"es\",\"url\":\"https:\/\/latorreyasociados.com\/wp-content\/uploads\/2019\/05\/Interior-de-la-oficina-Latorre-y-Asociados.jpg\",\"width\":1200,\"height\":864},{\"@type\":\"WebPage\",\"@id\":\"https:\/\/latorreyasociados.com\/es\/areas-de-practica\/#webpage\",\"url\":\"https:\/\/latorreyasociados.com\/es\/areas-de-practica\/\",\"name\":\"\\u00c1reas de Pr\\u00e1ctica | Latorre y Asociados\",\"isPartOf\":{\"@id\":\"https:\/\/latorreyasociados.com\/en\/#website\"},\"primaryImageOfPage\":{\"@id\":\"https:\/\/latorreyasociados.com\/es\/areas-de-practica\/#primaryimage\"},\"datePublished\":\"2019-05-06T17:28:51+00:00\",\"dateModified\":\"2020-01-31T09:34:24+00:00\",\"description\":\"La estructura organizativa empresarial de Latorre y Asociados es capaz de cubrir las necesidades de su empresa a trav\\u00e9s de nuestros servicios integrales.\",\"inLanguage\":\"es\",\"potentialAction\":[{\"@type\":\"ReadAction\",\"target\":[\"https:\/\/latorreyasociados.com\/es\/areas-de-practica\/\"]}]}]}<\/script>\n<!-- \/ Yoast SEO plugin. -->","_links":{"self":[{"href":"https:\/\/latorreyasociados.com\/es\/wp-json\/wp\/v2\/pages\/140"}],"collection":[{"href":"https:\/\/latorreyasociados.com\/es\/wp-json\/wp\/v2\/pages"}],"about":[{"href":"https:\/\/latorreyasociados.com\/es\/wp-json\/wp\/v2\/types\/page"}],"author":[{"embeddable":true,"href":"https:\/\/latorreyasociados.com\/es\/wp-json\/wp\/v2\/users\/2"}],"replies":[{"embeddable":true,"href":"https:\/\/latorreyasociados.com\/es\/wp-json\/wp\/v2\/comments?post=140"}],"version-history":[{"count":51,"href":"https:\/\/latorreyasociados.com\/es\/wp-json\/wp\/v2\/pages\/140\/revisions"}],"predecessor-version":[{"id":2135,"href":"https:\/\/latorreyasociados.com\/es\/wp-json\/wp\/v2\/pages\/140\/revisions\/2135"}],"wp:attachment":[{"href":"https:\/\/latorreyasociados.com\/es\/wp-json\/wp\/v2\/media?parent=140"}],"curies":[{"name":"wp","href":"https:\/\/api.w.org\/{rel}","templated":true}]}}