{"id":1569,"date":"2019-10-22T11:37:26","date_gmt":"2019-10-22T09:37:26","guid":{"rendered":"https:\/\/latorreyasociados.com\/?page_id=1569"},"modified":"2020-01-10T13:57:50","modified_gmt":"2020-01-10T12:57:50","slug":"aviso-legal","status":"publish","type":"page","link":"https:\/\/latorreyasociados.com\/es\/aviso-legal\/","title":{"rendered":"Aviso legal"},"content":{"rendered":"\n<p class=\"has-medium-font-size\">El titular de este sitio web LATORRE Y ASOCIADOS CONSULTOR\u00cdA S.L. con NIF B81491979 y domicilio en Suero de Qui\u00f1ones 34-36, 1\u00ba planta, 28002 Madrid . Tel\u00e9fono 917818240. Correo electr\u00f3nico lya@lyvea.com en calidad de titular de los contenidos del mismo, regula las condiciones de puesta a disposici\u00f3n de los usuarios en los siguientes t\u00e9rminos:<\/p>\n\n\n\n<p class=\"has-medium-font-size\"><strong>ALCANCE DE LA PUESTA A DISPOSICI\u00d3N<\/strong><\/p>\n\n\n\n<p class=\"has-medium-font-size\">El acceso al sitio web de LATORRE Y ASOCIADOS CONSULTOR\u00cdA S.L. supone la aceptaci\u00f3n y sometimiento a las presentes CONDICIONES.<br>LATORRE Y ASOCIADOS CONSULTOR\u00cdA S.L. se reserva el derecho a modificar tanto los contenidos y presentaci\u00f3n del sitio como las condiciones de uso.<\/p>\n\n\n\n<p class=\"has-medium-font-size\"><strong>SOBRE EL CONTENIDO DEL SITIO WEB<\/strong><\/p>\n\n\n\n<p class=\"has-medium-font-size\">El prop\u00f3sito del sitio web dar a conocer las actividades de LATORRE Y ASOCIADOS CONSULTOR\u00cdA S.L. as\u00ed como servir de medio de comunicaci\u00f3n con sus clientes y empresas relacionadas.<br>Los contenidos del sitio, propios y ajenos, no constituyen en ning\u00fan caso asesoramiento y no se incluyen con la finalidad de orientar las posibles acciones de los usuarios, por consiguiente, LATORRE Y ASOCIADOS CONSULTOR\u00cdA S.L. aconseja que cualquier actuaci\u00f3n relacionada con una materia regulada legalmente venga precedida de asesoramiento profesional adecuado.<\/p>\n\n\n\n<p class=\"has-medium-font-size\">LATORRE Y ASOCIADOS CONSULTOR\u00cdA S.L. no se responsabiliza de las opiniones expresadas en publicaciones, ni del contenido de otros sitos accesibles a trav\u00e9s de enlaces, ni de cualquier da\u00f1o que pudiera derivarse de la utilizaci\u00f3n de la informaci\u00f3n contenida este sitio web.<br>El usuario acepta expresamente que el uso del sitio se realiza exclusivamente bajo su responsabilidad.<\/p>\n\n\n\n<p class=\"has-medium-font-size\"><strong>SOBRE LAS CONDICIONES T\u00c9CNICAS DE ACCESO<\/strong><\/p>\n\n\n\n<p class=\"has-medium-font-size\">LATORRE Y ASOCIADOS CONSULTOR\u00cdA S.L. no puede garantizar la inexistencia de virus u otros elementos que puedan producir alteraciones en los sistemas inform\u00e1ticos del usuario o en sus ficheros y, consecuentemente, no se responsabiliza de los da\u00f1os y perjuicios que pudieran derivarse por motivos t\u00e9cnicos como consecuencia del acceso al presente sitio Web.<\/p>\n\n\n\n<p class=\"has-medium-font-size\"><strong>PROPIEDAD INTELECTUAL<\/strong><\/p>\n\n\n\n<p class=\"has-medium-font-size\">LATORRE Y ASOCIADOS CONSULTOR\u00cdA S.L. se reserva todos los derechos sobre su sitio Web, sin que el acceso al mismo suponga ninguna clase de cesi\u00f3n de derechos de propiedad intelectual. El usuario se compromete a respetar todos los derechos de propiedad intelectual tanto de LATORRE Y ASOCIADOS CONSULTOR\u00cdA S.L. como de terceros.<\/p>\n\n\n\n<p class=\"has-medium-font-size\"><strong>DATOS DE CAR\u00c1CTER PERSONAL<\/strong><\/p>\n\n\n\n<p class=\"has-medium-font-size\">La mera visita al sitio web de LATORRE Y ASOCIADOS CONSULTOR\u00cdA S.L. no requiere la cesi\u00f3n de datos personales ni tales datos se recogen de forma autom\u00e1tica. Los usuarios del \u00e1rea de clientes, identificados a efectos del suministro de contrase\u00f1as podr\u00e1n ejercer en todo momento sus derechos de acceso, rectificaci\u00f3n, cancelaci\u00f3n y oposici\u00f3n en relaci\u00f3n con los mismos dirigi\u00e9ndose por escrito a LATORRE Y ASOCIADOS CONSULTOR\u00cdA S.L. C\/ Suero de Qui\u00f1ones 34-36, 1\u00ba planta, 28002 Madrid <\/p>\n\n\n\n<div class=\"wp-block-button aligncenter\"><a class=\"wp-block-button__link has-text-color has-very-dark-gray-color has-background no-border-radius\" href=\"https:\/\/latorreyasociados.com\/direccion-y-contacto\/\" style=\"background-color:#b2dac0\">Solicite m\u00e1s informaci\u00f3n<\/a><\/div>\n\n\n","protected":false},"excerpt":{"rendered":"<p>El titular de este sitio web LATORRE Y ASOCIADOS CONSULTOR\u00cdA S.L. con NIF B81491979 y domicilio en Suero de Qui\u00f1ones 34-36, 1\u00ba planta, 28002 Madrid . Tel\u00e9fono 917818240. Correo electr\u00f3nico lya@lyvea.com en calidad de titular de los contenidos del mismo, regula las condiciones de puesta a disposici\u00f3n de los usuarios en los siguientes t\u00e9rminos: ALCANCE &hellip;<\/p>\n","protected":false},"author":2,"featured_media":0,"parent":0,"menu_order":0,"comment_status":"closed","ping_status":"closed","template":"","meta":{"_genesis_hide_title":false,"_genesis_hide_breadcrumbs":false,"_genesis_hide_singular_image":false,"_genesis_hide_footer_widgets":false,"_genesis_custom_body_class":"","_genesis_custom_post_class":"","_genesis_layout":""},"featured_image_src":null,"featured_image_src_square":null,"yoast_head":"<!-- This site is optimized with the Yoast SEO plugin v15.5 - https:\/\/yoast.com\/wordpress\/plugins\/seo\/ -->\n<title>Aviso legal - Latorre y Asociados<\/title>\n<meta name=\"robots\" content=\"noindex, nofollow\" \/>\n<meta property=\"og:locale\" content=\"es_ES\" \/>\n<meta property=\"og:type\" content=\"article\" \/>\n<meta property=\"og:title\" content=\"Aviso legal - Latorre y Asociados\" \/>\n<meta property=\"og:description\" content=\"El titular de este sitio web LATORRE Y ASOCIADOS CONSULTOR\u00cdA S.L. con NIF B81491979 y domicilio en Suero de Qui\u00f1ones 34-36, 1\u00ba planta, 28002 Madrid . Tel\u00e9fono 917818240. Correo electr\u00f3nico lya@lyvea.com en calidad de titular de los contenidos del mismo, regula las condiciones de puesta a disposici\u00f3n de los usuarios en los siguientes t\u00e9rminos: ALCANCE &hellip;\" \/>\n<meta property=\"og:url\" content=\"https:\/\/latorreyasociados.com\/es\/aviso-legal\/\" \/>\n<meta property=\"og:site_name\" content=\"Latorre y Asociados\" \/>\n<meta property=\"article:modified_time\" content=\"2020-01-10T12:57:50+00:00\" \/>\n<meta name=\"twitter:card\" content=\"summary_large_image\" \/>\n<meta name=\"twitter:label1\" content=\"Tiempo de lectura\">\n\t<meta name=\"twitter:data1\" content=\"2 minutos\">\n<script type=\"application\/ld+json\" class=\"yoast-schema-graph\">{\"@context\":\"https:\/\/schema.org\",\"@graph\":[{\"@type\":\"WebSite\",\"@id\":\"https:\/\/latorreyasociados.com\/en\/#website\",\"url\":\"https:\/\/latorreyasociados.com\/en\/\",\"name\":\"Latorre y Asociados\",\"description\":\"Firma especializada en la asistencia y asesoramiento a compa\\u00f1\\u00edas espa\\u00f1olas e internacionales\",\"potentialAction\":[{\"@type\":\"SearchAction\",\"target\":\"https:\/\/latorreyasociados.com\/en\/?s={search_term_string}\",\"query-input\":\"required name=search_term_string\"}],\"inLanguage\":\"es\"},{\"@type\":\"WebPage\",\"@id\":\"https:\/\/latorreyasociados.com\/es\/aviso-legal\/#webpage\",\"url\":\"https:\/\/latorreyasociados.com\/es\/aviso-legal\/\",\"name\":\"Aviso legal - Latorre y Asociados\",\"isPartOf\":{\"@id\":\"https:\/\/latorreyasociados.com\/en\/#website\"},\"datePublished\":\"2019-10-22T09:37:26+00:00\",\"dateModified\":\"2020-01-10T12:57:50+00:00\",\"inLanguage\":\"es\",\"potentialAction\":[{\"@type\":\"ReadAction\",\"target\":[\"https:\/\/latorreyasociados.com\/es\/aviso-legal\/\"]}]}]}<\/script>\n<!-- \/ Yoast SEO plugin. -->","_links":{"self":[{"href":"https:\/\/latorreyasociados.com\/es\/wp-json\/wp\/v2\/pages\/1569"}],"collection":[{"href":"https:\/\/latorreyasociados.com\/es\/wp-json\/wp\/v2\/pages"}],"about":[{"href":"https:\/\/latorreyasociados.com\/es\/wp-json\/wp\/v2\/types\/page"}],"author":[{"embeddable":true,"href":"https:\/\/latorreyasociados.com\/es\/wp-json\/wp\/v2\/users\/2"}],"replies":[{"embeddable":true,"href":"https:\/\/latorreyasociados.com\/es\/wp-json\/wp\/v2\/comments?post=1569"}],"version-history":[{"count":7,"href":"https:\/\/latorreyasociados.com\/es\/wp-json\/wp\/v2\/pages\/1569\/revisions"}],"predecessor-version":[{"id":1831,"href":"https:\/\/latorreyasociados.com\/es\/wp-json\/wp\/v2\/pages\/1569\/revisions\/1831"}],"wp:attachment":[{"href":"https:\/\/latorreyasociados.com\/es\/wp-json\/wp\/v2\/media?parent=1569"}],"curies":[{"name":"wp","href":"https:\/\/api.w.org\/{rel}","templated":true}]}}