{"id":268,"date":"2019-05-06T18:16:54","date_gmt":"2019-05-06T16:16:54","guid":{"rendered":"https:\/\/latorreyasociados.com\/?page_id=268"},"modified":"2020-01-31T10:46:32","modified_gmt":"2020-01-31T09:46:32","slug":"asesoria-legal","status":"publish","type":"page","link":"https:\/\/latorreyasociados.com\/es\/servicios\/asesoria-legal\/","title":{"rendered":"Asesor\u00eda Legal"},"content":{"rendered":"\n<p>El departamento Legal, en uni\u00f3n con Liria &amp; Veiga Abogados, entiende a la perfecci\u00f3n las necesidades de las empresas y de los despachos con los que colabora. El objetivo no es otro que el de dar seguridad jur\u00eddica a las operaciones de nuestros clientes en el tr\u00e1fico mercantil. <\/p>\n\n\n\n<p>Asesoramos a nuestros clientes desde el punto de vista societario, mediante la llevanza de la secretaria focalizada a la correcta toma de acuerdos por parte de los \u00f3rganos de gobierno (juntas de socios, socio \u00fanico y \u00f3rganos de administraci\u00f3n). En este sentido, confeccionamos los documentos necesarios para la toma de acuerdos sociales de toda \u00edndole (nombramientos y dimisiones de administradores o consejeros, ampliaciones y reducciones de capital, reparto de dividendos y\nreservas, modificaciones estatutarias, etc.), as\u00ed como las escrituras p\u00fablicas\ny dem\u00e1s elementos accesorios hasta la completa ejecuci\u00f3n de los acuerdos. <\/p>\n\n\n\n<p>Acompa\u00f1amos a\nnuestros clientes, tambi\u00e9n, en sus procesos de contrataci\u00f3n mercantil y en sus\noperaciones de <em>M&amp;A (Fusiones y\nAdquisiciones)<\/em>, tanto en escenarios de solvencia como en <em>distress<\/em>; y damos asistencia letrada en\nsituaciones de pre-insolvencia y procedimientos concursales, tanto a empresas\ndeudoras como a acreedores para la defensa de sus cr\u00e9ditos e intereses. <\/p>\n\n\n\n<p>Por \u00faltimo, defendemos los intereses de nuestros clientes ante Juzgados y Tribunales.<\/p>\n\n\n\n<div style=\"height:32px\" aria-hidden=\"true\" class=\"wp-block-spacer\"><\/div>\n\n\n\n<div class=\"wp-block-media-text alignfull has-background is-stacked-on-mobile banner-contacto\" style=\"background-color:#f4f4f4;grid-template-columns:55% auto\"><figure class=\"wp-block-media-text__media\"><img loading=\"lazy\" width=\"1024\" height=\"455\" src=\"https:\/\/latorreyasociados.com\/wp-content\/uploads\/2019\/05\/latorreyasociados_consultoria_home-1024x455.jpg\" alt=\"\" class=\"wp-image-186\" srcset=\"https:\/\/latorreyasociados.com\/wp-content\/uploads\/2019\/05\/latorreyasociados_consultoria_home-1024x455.jpg 1024w, https:\/\/latorreyasociados.com\/wp-content\/uploads\/2019\/05\/latorreyasociados_consultoria_home-300x133.jpg 300w, https:\/\/latorreyasociados.com\/wp-content\/uploads\/2019\/05\/latorreyasociados_consultoria_home-768x341.jpg 768w\" sizes=\"(max-width: 1024px) 100vw, 1024px\" \/><\/figure><div class=\"wp-block-media-text__content\">\n<p class=\"margen-top\">\u00bfC\u00f3mo podemos ayudarle?<\/p>\n\n\n\n<p style=\"font-size:25px\">Ll\u00e1menos al                 <strong>+34 91 781 82 40<\/strong><\/p>\n\n\n\n<p>o env\u00edenos un mensaje a trav\u00e9s del formulario m\u00e1s abajo. Le contestaremos con la mayor brevedad posible.<\/p>\n\n\n\n<div class=\"wp-block-button\"><a class=\"wp-block-button__link has-text-color has-very-dark-gray-color has-background no-border-radius\" href=\"https:\/\/latorreyasociados.com\/direccion-y-contacto\/\" style=\"background-color:#b2dac0\"><strong>Ir al formulario<\/strong><\/a><\/div>\n<\/div><\/div>\n\n\n\n<div style=\"height:20px\" aria-hidden=\"true\" class=\"wp-block-spacer\"><\/div>\n","protected":false},"excerpt":{"rendered":"<p>El departamento Legal, en uni\u00f3n con Liria &amp; Veiga Abogados, entiende a la perfecci\u00f3n las necesidades de las empresas y de los despachos con los que colabora. El objetivo no es otro que el de dar seguridad jur\u00eddica a las operaciones de nuestros clientes en el tr\u00e1fico mercantil. Asesoramos a nuestros clientes desde el punto &hellip;<\/p>\n","protected":false},"author":2,"featured_media":187,"parent":244,"menu_order":3,"comment_status":"closed","ping_status":"closed","template":"","meta":{"_genesis_hide_title":false,"_genesis_hide_breadcrumbs":false,"_genesis_hide_singular_image":false,"_genesis_hide_footer_widgets":false,"_genesis_custom_body_class":"fondo-blanco","_genesis_custom_post_class":"sin-borde","_genesis_layout":"md-content"},"featured_image_src":"https:\/\/latorreyasociados.com\/wp-content\/uploads\/2019\/05\/servicio-asesoria-legal-latorreyasociados-600x400.jpg","featured_image_src_square":"https:\/\/latorreyasociados.com\/wp-content\/uploads\/2019\/05\/servicio-asesoria-legal-latorreyasociados-600x600.jpg","yoast_head":"<!-- This site is optimized with the Yoast SEO plugin v15.5 - https:\/\/yoast.com\/wordpress\/plugins\/seo\/ -->\n<title>Servicio de Asesor\u00eda Legal | Latorre y Asociados<\/title>\n<meta name=\"description\" content=\"El departamento Legal de Latorre y Asociados junto con Liria &amp; Veiga Abogados da seguridad jur\u00eddica a las operaciones del cliente en el tr\u00e1fico mercantil.\" \/>\n<meta name=\"robots\" content=\"index, follow, max-snippet:-1, max-image-preview:large, max-video-preview:-1\" \/>\n<link rel=\"canonical\" href=\"https:\/\/latorreyasociados.com\/es\/servicios\/asesoria-legal\/\" \/>\n<meta property=\"og:locale\" content=\"es_ES\" \/>\n<meta property=\"og:type\" content=\"article\" \/>\n<meta property=\"og:title\" content=\"Servicio de Asesor\u00eda Legal | Latorre y Asociados\" \/>\n<meta property=\"og:description\" content=\"El departamento Legal de Latorre y Asociados junto con Liria &amp; Veiga Abogados da seguridad jur\u00eddica a las operaciones del cliente en el tr\u00e1fico mercantil.\" \/>\n<meta property=\"og:url\" content=\"https:\/\/latorreyasociados.com\/es\/servicios\/asesoria-legal\/\" \/>\n<meta property=\"og:site_name\" content=\"Latorre y Asociados\" \/>\n<meta property=\"article:modified_time\" content=\"2020-01-31T09:46:32+00:00\" \/>\n<meta property=\"og:image\" content=\"https:\/\/latorreyasociados.com\/wp-content\/uploads\/2019\/05\/servicio-asesoria-legal-latorreyasociados.jpg\" \/>\n\t<meta property=\"og:image:width\" content=\"1920\" \/>\n\t<meta property=\"og:image:height\" content=\"1280\" \/>\n<meta name=\"twitter:card\" content=\"summary_large_image\" \/>\n<meta name=\"twitter:label1\" content=\"Tiempo de lectura\">\n\t<meta name=\"twitter:data1\" content=\"1 minuto\">\n<script type=\"application\/ld+json\" class=\"yoast-schema-graph\">{\"@context\":\"https:\/\/schema.org\",\"@graph\":[{\"@type\":\"WebSite\",\"@id\":\"https:\/\/latorreyasociados.com\/en\/#website\",\"url\":\"https:\/\/latorreyasociados.com\/en\/\",\"name\":\"Latorre y Asociados\",\"description\":\"Firma especializada en la asistencia y asesoramiento a compa\\u00f1\\u00edas espa\\u00f1olas e internacionales\",\"potentialAction\":[{\"@type\":\"SearchAction\",\"target\":\"https:\/\/latorreyasociados.com\/en\/?s={search_term_string}\",\"query-input\":\"required name=search_term_string\"}],\"inLanguage\":\"es\"},{\"@type\":\"ImageObject\",\"@id\":\"https:\/\/latorreyasociados.com\/es\/servicios\/asesoria-legal\/#primaryimage\",\"inLanguage\":\"es\",\"url\":\"https:\/\/latorreyasociados.com\/wp-content\/uploads\/2019\/05\/servicio-asesoria-legal-latorreyasociados.jpg\",\"width\":1920,\"height\":1280},{\"@type\":\"WebPage\",\"@id\":\"https:\/\/latorreyasociados.com\/es\/servicios\/asesoria-legal\/#webpage\",\"url\":\"https:\/\/latorreyasociados.com\/es\/servicios\/asesoria-legal\/\",\"name\":\"Servicio de Asesor\\u00eda Legal | Latorre y Asociados\",\"isPartOf\":{\"@id\":\"https:\/\/latorreyasociados.com\/en\/#website\"},\"primaryImageOfPage\":{\"@id\":\"https:\/\/latorreyasociados.com\/es\/servicios\/asesoria-legal\/#primaryimage\"},\"datePublished\":\"2019-05-06T16:16:54+00:00\",\"dateModified\":\"2020-01-31T09:46:32+00:00\",\"description\":\"El departamento Legal de Latorre y Asociados junto con Liria & Veiga Abogados da seguridad jur\\u00eddica a las operaciones del cliente en el tr\\u00e1fico mercantil.\",\"inLanguage\":\"es\",\"potentialAction\":[{\"@type\":\"ReadAction\",\"target\":[\"https:\/\/latorreyasociados.com\/es\/servicios\/asesoria-legal\/\"]}]}]}<\/script>\n<!-- \/ Yoast SEO plugin. -->","_links":{"self":[{"href":"https:\/\/latorreyasociados.com\/es\/wp-json\/wp\/v2\/pages\/268"}],"collection":[{"href":"https:\/\/latorreyasociados.com\/es\/wp-json\/wp\/v2\/pages"}],"about":[{"href":"https:\/\/latorreyasociados.com\/es\/wp-json\/wp\/v2\/types\/page"}],"author":[{"embeddable":true,"href":"https:\/\/latorreyasociados.com\/es\/wp-json\/wp\/v2\/users\/2"}],"replies":[{"embeddable":true,"href":"https:\/\/latorreyasociados.com\/es\/wp-json\/wp\/v2\/comments?post=268"}],"version-history":[{"count":30,"href":"https:\/\/latorreyasociados.com\/es\/wp-json\/wp\/v2\/pages\/268\/revisions"}],"predecessor-version":[{"id":2143,"href":"https:\/\/latorreyasociados.com\/es\/wp-json\/wp\/v2\/pages\/268\/revisions\/2143"}],"up":[{"embeddable":true,"href":"https:\/\/latorreyasociados.com\/es\/wp-json\/wp\/v2\/pages\/244"}],"wp:featuredmedia":[{"embeddable":true,"href":"https:\/\/latorreyasociados.com\/es\/wp-json\/wp\/v2\/media\/187"}],"wp:attachment":[{"href":"https:\/\/latorreyasociados.com\/es\/wp-json\/wp\/v2\/media?parent=268"}],"curies":[{"name":"wp","href":"https:\/\/api.w.org\/{rel}","templated":true}]}}