{"id":558,"date":"2019-05-07T19:16:00","date_gmt":"2019-05-07T17:16:00","guid":{"rendered":"https:\/\/latorreyasociados.com\/?page_id=558"},"modified":"2020-01-31T10:46:05","modified_gmt":"2020-01-31T09:46:05","slug":"gestion-empresarial-laboral","status":"publish","type":"page","link":"https:\/\/latorreyasociados.com\/es\/servicios\/gestion-empresarial-laboral\/","title":{"rendered":"Gesti\u00f3n Empresarial y Laboral"},"content":{"rendered":"\n<div class=\"wp-block-atomic-blocks-ab-container ab-block-container\"><div class=\"ab-container-inside\"><div class=\"ab-container-content\" style=\"max-width:1200px\">\n<hr class=\"wp-block-separator\"\/>\n\n\n\n<figure class=\"wp-block-image\"><img loading=\"lazy\" width=\"800\" height=\"533\" src=\"https:\/\/latorreyasociados.com\/wp-content\/uploads\/2019\/05\/torre-picaso-madrid-800.jpg\" alt=\"\" class=\"wp-image-256\" srcset=\"https:\/\/latorreyasociados.com\/wp-content\/uploads\/2019\/05\/torre-picaso-madrid-800.jpg 800w, https:\/\/latorreyasociados.com\/wp-content\/uploads\/2019\/05\/torre-picaso-madrid-800-300x200.jpg 300w, https:\/\/latorreyasociados.com\/wp-content\/uploads\/2019\/05\/torre-picaso-madrid-800-768x512.jpg 768w, https:\/\/latorreyasociados.com\/wp-content\/uploads\/2019\/05\/torre-picaso-madrid-800-600x400.jpg 600w\" sizes=\"(max-width: 800px) 100vw, 800px\" \/><\/figure>\n\n\n\n<p class=\"has-text-align-left\">El departamento de\nGesti\u00f3n Empresarial y Laboral se ocupa de todo y r\u00e1pidamente. En este sentido,\nofrece el m\u00e1s amplio y eficiente servicio, al objeto de dar el mejor soporte a\nnuestros clientes en sus asuntos del d\u00eda a d\u00eda. Nuestros clientes se centran en\nsu negocio y nosotros se lo cuidamos. <\/p>\n\n\n\n<p>Entre las muchas\ntareas que se llevan a cabo desde este departamento, destacamos: <\/p>\n\n\n\n<div class=\"wp-block-atomic-blocks-ab-container ab-block-container aligncenter\"><div class=\"ab-container-inside\"><div class=\"ab-container-content\" style=\"max-width:600px\">\n<div class=\"wp-block-atomic-blocks-ab-container ab-block-container aligncenter\"><div class=\"ab-container-inside\"><div class=\"ab-container-content\" style=\"max-width:600px\">\n<ul><li>Suministro de sociedades y veh\u00edculos de inversi\u00f3n (tanto sociedades limitadas como an\u00f3nimas). Siempre contamos con <em>shelfcos<\/em> en stock.<\/li><li>Servicios de representaci\u00f3n de sociedades.<\/li><li>Secretaria de los \u00f3rganos de gobierno de las sociedades (juntas de socios, socio \u00fanico y \u00f3rganos de administraci\u00f3n).<\/li><li>Domiciliaci\u00f3n de sociedades en nuestras oficinas con el complemento de otros servicios accesorios, y monitorizaci\u00f3n de la Direcci\u00f3n Electr\u00f3nica Habilitada (DEH) ante las autoridades tributarias.<\/li><li>Disoluci\u00f3n y liquidaci\u00f3n de sociedades en contextos de solvencia. <\/li><li>Soporte ante las entidades financieras a los efectos de superar los procesos de c<em>ompliance<\/em> y <em>KYC<\/em>. <\/li><li>Tr\u00e1mites y gestiones accesorias ante cualesquiera autoridades administrativas y tributarias. Altas en Censo, IAE, etc.<\/li><li>Recogida de escrituras p\u00fablicas en Notar\u00edas y liquidaci\u00f3n, en su caso, de los impuestos correspondientes, apostilla de documentos p\u00fablicos e inscripciones de todo tipo documentos en los registros p\u00fablicos correspondientes (Registro Mercantil, Registro de la Propiedad, etc.).<\/li><li>Cumplimiento de obligaciones derivadas de contratos laborales, negociaci\u00f3n y redacci\u00f3n de contratos de trabajo de todo tipo, confecci\u00f3n de n\u00f3minas y representaci\u00f3n ante la Tesorer\u00eda General de la Seguridad Social. <\/li><\/ul>\n<\/div><\/div><\/div>\n<\/div><\/div><\/div>\n\n\n\n<div class=\"wp-block-button aligncenter\"><a class=\"wp-block-button__link has-text-color has-very-dark-gray-color has-background no-border-radius\" href=\"https:\/\/latorreyasociados.com\/direccion-y-contacto\/\" style=\"background-color:#b2dac0\">Solicite m\u00e1s informaci\u00f3n<\/a><\/div>\n<\/div><\/div><\/div>\n\n\n\n<div style=\"height:100px\" aria-hidden=\"true\" class=\"wp-block-spacer\"><\/div>\n\n\n\n<div class=\"wp-block-media-text alignfull has-background is-stacked-on-mobile banner-contacto\" style=\"background-color:#f4f4f4;grid-template-columns:55% auto\"><figure class=\"wp-block-media-text__media\"><img loading=\"lazy\" width=\"1024\" height=\"455\" src=\"https:\/\/latorreyasociados.com\/wp-content\/uploads\/2019\/05\/latorreyasociados_consultoria_home-1024x455.jpg\" alt=\"\" class=\"wp-image-186\" srcset=\"https:\/\/latorreyasociados.com\/wp-content\/uploads\/2019\/05\/latorreyasociados_consultoria_home-1024x455.jpg 1024w, https:\/\/latorreyasociados.com\/wp-content\/uploads\/2019\/05\/latorreyasociados_consultoria_home-300x133.jpg 300w, https:\/\/latorreyasociados.com\/wp-content\/uploads\/2019\/05\/latorreyasociados_consultoria_home-768x341.jpg 768w\" sizes=\"(max-width: 1024px) 100vw, 1024px\" \/><\/figure><div class=\"wp-block-media-text__content\">\n<p class=\"margen-top\">\u00bfC\u00f3mo podemos ayudarle?<\/p>\n\n\n\n<p style=\"font-size:25px\">Ll\u00e1menos al                 <strong>+34 91 781 82 40<\/strong><\/p>\n\n\n\n<p>o env\u00edenos un mensaje a trav\u00e9s del formulario m\u00e1s abajo. Le contestaremos con la mayor brevedad posible.<\/p>\n\n\n\n<div class=\"wp-block-button\"><a class=\"wp-block-button__link has-text-color has-very-dark-gray-color has-background no-border-radius\" href=\"https:\/\/latorreyasociados.com\/direccion-y-contacto\/\" style=\"background-color:#b2dac0\"><strong>Ir al formulario<\/strong><\/a><\/div>\n<\/div><\/div>\n\n\n\n<div style=\"height:20px\" aria-hidden=\"true\" class=\"wp-block-spacer\"><\/div>\n","protected":false},"excerpt":{"rendered":"","protected":false},"author":2,"featured_media":188,"parent":244,"menu_order":2,"comment_status":"closed","ping_status":"closed","template":"","meta":{"_genesis_hide_title":false,"_genesis_hide_breadcrumbs":false,"_genesis_hide_singular_image":false,"_genesis_hide_footer_widgets":false,"_genesis_custom_body_class":"fondo-blanco","_genesis_custom_post_class":"sin-borde","_genesis_layout":"md-content"},"featured_image_src":"https:\/\/latorreyasociados.com\/wp-content\/uploads\/2019\/05\/servicio-gestion-empresarial-laboral-latorreyasociados-600x400.jpg","featured_image_src_square":"https:\/\/latorreyasociados.com\/wp-content\/uploads\/2019\/05\/servicio-gestion-empresarial-laboral-latorreyasociados-600x600.jpg","yoast_head":"<!-- This site is optimized with the Yoast SEO plugin v15.5 - https:\/\/yoast.com\/wordpress\/plugins\/seo\/ -->\n<title>Servicios de Gesti\u00f3n Empresarial y Laboral | Latorre y Asociados<\/title>\n<meta name=\"description\" content=\"El departamento Gesti\u00f3n Empresarial y Laboral se ocupa de todo r\u00e1pidamente ofreciendo un servicio amplio y eficiente para los cliente en sus asuntos diarios\" \/>\n<meta name=\"robots\" content=\"index, follow, max-snippet:-1, max-image-preview:large, max-video-preview:-1\" \/>\n<link rel=\"canonical\" href=\"https:\/\/latorreyasociados.com\/es\/servicios\/gestion-empresarial-laboral\/\" \/>\n<meta property=\"og:locale\" content=\"es_ES\" \/>\n<meta property=\"og:type\" content=\"article\" \/>\n<meta property=\"og:title\" content=\"Servicios de Gesti\u00f3n Empresarial y Laboral | Latorre y Asociados\" \/>\n<meta property=\"og:description\" content=\"El departamento Gesti\u00f3n Empresarial y Laboral se ocupa de todo r\u00e1pidamente ofreciendo un servicio amplio y eficiente para los cliente en sus asuntos diarios\" \/>\n<meta property=\"og:url\" content=\"https:\/\/latorreyasociados.com\/es\/servicios\/gestion-empresarial-laboral\/\" \/>\n<meta property=\"og:site_name\" content=\"Latorre y Asociados\" \/>\n<meta property=\"article:modified_time\" content=\"2020-01-31T09:46:05+00:00\" \/>\n<meta property=\"og:image\" content=\"https:\/\/latorreyasociados.com\/wp-content\/uploads\/2019\/05\/servicio-gestion-empresarial-laboral-latorreyasociados.jpg\" \/>\n\t<meta property=\"og:image:width\" content=\"1920\" \/>\n\t<meta property=\"og:image:height\" content=\"1280\" \/>\n<meta name=\"twitter:card\" content=\"summary_large_image\" \/>\n<meta name=\"twitter:label1\" content=\"Tiempo de lectura\">\n\t<meta name=\"twitter:data1\" content=\"1 minuto\">\n<script type=\"application\/ld+json\" class=\"yoast-schema-graph\">{\"@context\":\"https:\/\/schema.org\",\"@graph\":[{\"@type\":\"WebSite\",\"@id\":\"https:\/\/latorreyasociados.com\/en\/#website\",\"url\":\"https:\/\/latorreyasociados.com\/en\/\",\"name\":\"Latorre y Asociados\",\"description\":\"Firma especializada en la asistencia y asesoramiento a compa\\u00f1\\u00edas espa\\u00f1olas e internacionales\",\"potentialAction\":[{\"@type\":\"SearchAction\",\"target\":\"https:\/\/latorreyasociados.com\/en\/?s={search_term_string}\",\"query-input\":\"required name=search_term_string\"}],\"inLanguage\":\"es\"},{\"@type\":\"ImageObject\",\"@id\":\"https:\/\/latorreyasociados.com\/es\/servicios\/gestion-empresarial-laboral\/#primaryimage\",\"inLanguage\":\"es\",\"url\":\"https:\/\/latorreyasociados.com\/wp-content\/uploads\/2019\/05\/servicio-gestion-empresarial-laboral-latorreyasociados.jpg\",\"width\":1920,\"height\":1280},{\"@type\":\"WebPage\",\"@id\":\"https:\/\/latorreyasociados.com\/es\/servicios\/gestion-empresarial-laboral\/#webpage\",\"url\":\"https:\/\/latorreyasociados.com\/es\/servicios\/gestion-empresarial-laboral\/\",\"name\":\"Servicios de Gesti\\u00f3n Empresarial y Laboral | Latorre y Asociados\",\"isPartOf\":{\"@id\":\"https:\/\/latorreyasociados.com\/en\/#website\"},\"primaryImageOfPage\":{\"@id\":\"https:\/\/latorreyasociados.com\/es\/servicios\/gestion-empresarial-laboral\/#primaryimage\"},\"datePublished\":\"2019-05-07T17:16:00+00:00\",\"dateModified\":\"2020-01-31T09:46:05+00:00\",\"description\":\"El departamento Gesti\\u00f3n Empresarial y Laboral se ocupa de todo r\\u00e1pidamente ofreciendo un servicio amplio y eficiente para los cliente en sus asuntos diarios\",\"inLanguage\":\"es\",\"potentialAction\":[{\"@type\":\"ReadAction\",\"target\":[\"https:\/\/latorreyasociados.com\/es\/servicios\/gestion-empresarial-laboral\/\"]}]}]}<\/script>\n<!-- \/ Yoast SEO plugin. -->","_links":{"self":[{"href":"https:\/\/latorreyasociados.com\/es\/wp-json\/wp\/v2\/pages\/558"}],"collection":[{"href":"https:\/\/latorreyasociados.com\/es\/wp-json\/wp\/v2\/pages"}],"about":[{"href":"https:\/\/latorreyasociados.com\/es\/wp-json\/wp\/v2\/types\/page"}],"author":[{"embeddable":true,"href":"https:\/\/latorreyasociados.com\/es\/wp-json\/wp\/v2\/users\/2"}],"replies":[{"embeddable":true,"href":"https:\/\/latorreyasociados.com\/es\/wp-json\/wp\/v2\/comments?post=558"}],"version-history":[{"count":32,"href":"https:\/\/latorreyasociados.com\/es\/wp-json\/wp\/v2\/pages\/558\/revisions"}],"predecessor-version":[{"id":2142,"href":"https:\/\/latorreyasociados.com\/es\/wp-json\/wp\/v2\/pages\/558\/revisions\/2142"}],"up":[{"embeddable":true,"href":"https:\/\/latorreyasociados.com\/es\/wp-json\/wp\/v2\/pages\/244"}],"wp:featuredmedia":[{"embeddable":true,"href":"https:\/\/latorreyasociados.com\/es\/wp-json\/wp\/v2\/media\/188"}],"wp:attachment":[{"href":"https:\/\/latorreyasociados.com\/es\/wp-json\/wp\/v2\/media?parent=558"}],"curies":[{"name":"wp","href":"https:\/\/api.w.org\/{rel}","templated":true}]}}