{"id":73,"date":"2019-05-07T00:17:32","date_gmt":"2019-05-06T22:17:32","guid":{"rendered":"https:\/\/latorreyasociados.com\/?page_id=73"},"modified":"2021-04-28T13:57:57","modified_gmt":"2021-04-28T11:57:57","slug":"nuestro-equipo","status":"publish","type":"page","link":"https:\/\/latorreyasociados.com\/es\/nuestro-equipo\/","title":{"rendered":"Equipo directivo \/ asociados"},"content":{"rendered":"\n<p class=\"has-medium-font-size\"><\/p>\n\n\n\n<hr class=\"wp-block-separator is-style-wide\"\/>\n\n\n\n<h3 class=\"has-text-align-center\">Equipo Directivo y Ejecutivo<\/h3>\n\n\n\n<hr class=\"wp-block-separator is-style-wide\"\/>\n\n\n<div class=\"flex-grid\"><div class=\"row gutter-md center-xs text-xs-center\"><div class=\"flex-entry entry col col-xs-12 col-sm-4 has-image-center bottom-xs-xxl post-1102 page type-page status-publish has-post-thumbnail sin-borde column middle-xs text-xs-center\"><a class=\"entry-image-link entry-image-before-entry aligncenter\" title=\"Alejandro Latorre\" href=\"https:\/\/latorreyasociados.com\/es\/nuestro-equipo\/alejandro-latorre-atance\/\"><picture><img width=\"150\" height=\"150\" src=\"https:\/\/latorreyasociados.com\/wp-content\/uploads\/2019\/05\/alejandro-latorre-atance-1-e1559231821172-150x150.jpg\" class=\"wp-post-image\" alt=\"Retrato con traje y corbata de Alejandro Latorre Atance socio fundador Latorre y Asociados Consultor\u00eda\" loading=\"lazy\" srcset=\"https:\/\/latorreyasociados.com\/wp-content\/uploads\/2019\/05\/alejandro-latorre-atance-1-e1559231821172-150x150.jpg 150w, https:\/\/latorreyasociados.com\/wp-content\/uploads\/2019\/05\/alejandro-latorre-atance-1-e1559231821172-80x80.jpg 80w\" sizes=\"(max-width: 150px) 100vw, 150px\" \/><\/picture><\/a><header class=\"entry-header\"><h3 class=\"entry-title\"><a href=\"https:\/\/latorreyasociados.com\/es\/nuestro-equipo\/alejandro-latorre-atance\/\" title=\"Alejandro Latorre\">Alejandro Latorre<\/a><\/h3><\/header><div class=\"entry-content\"><p class=\"more-link-wrap\"><a class=\"more-link\" href=\"https:\/\/latorreyasociados.com\/es\/nuestro-equipo\/alejandro-latorre-atance\/\"><span class=\"screen-reader-text\">Alejandro Latorre<\/span>Ver m\u00e1s<\/a><\/p><\/div><\/div><div class=\"flex-entry entry col col-xs-12 col-sm-4 has-image-center bottom-xs-xxl post-1161 page type-page status-publish has-post-thumbnail sin-borde column middle-xs text-xs-center\"><a class=\"entry-image-link entry-image-before-entry aligncenter\" title=\"Luis Vegas\" href=\"https:\/\/latorreyasociados.com\/es\/nuestro-equipo\/luis-vegas-ramos\/\"><picture><img width=\"150\" height=\"150\" src=\"https:\/\/latorreyasociados.com\/wp-content\/uploads\/2019\/05\/luis-vegas-ramos-socio-fundador-latorre-y-asociados-150x150.jpg\" class=\"wp-post-image\" alt=\"\" loading=\"lazy\" srcset=\"https:\/\/latorreyasociados.com\/wp-content\/uploads\/2019\/05\/luis-vegas-ramos-socio-fundador-latorre-y-asociados-150x150.jpg 150w, https:\/\/latorreyasociados.com\/wp-content\/uploads\/2019\/05\/luis-vegas-ramos-socio-fundador-latorre-y-asociados-80x80.jpg 80w\" sizes=\"(max-width: 150px) 100vw, 150px\" \/><\/picture><\/a><header class=\"entry-header\"><h3 class=\"entry-title\"><a href=\"https:\/\/latorreyasociados.com\/es\/nuestro-equipo\/luis-vegas-ramos\/\" title=\"Luis Vegas\">Luis Vegas<\/a><\/h3><\/header><div class=\"entry-content\"><p class=\"more-link-wrap\"><a class=\"more-link\" href=\"https:\/\/latorreyasociados.com\/es\/nuestro-equipo\/luis-vegas-ramos\/\"><span class=\"screen-reader-text\">Luis Vegas<\/span>Ver m\u00e1s<\/a><\/p><\/div><\/div><div class=\"flex-entry entry col col-xs-12 col-sm-4 has-image-center bottom-xs-xxl post-1176 page type-page status-publish has-post-thumbnail sin-borde column middle-xs text-xs-center\"><a class=\"entry-image-link entry-image-before-entry aligncenter\" title=\"Antonio Santiago\" href=\"https:\/\/latorreyasociados.com\/es\/nuestro-equipo\/antonio-santiago-perez\/\"><picture><img width=\"150\" height=\"150\" src=\"https:\/\/latorreyasociados.com\/wp-content\/uploads\/2019\/05\/antonio-santiago-perez-economista-latorreyasociados-1-150x150.jpg\" class=\"wp-post-image\" alt=\"Retrato con rtraje y corbata de Antonio Santiago P\u00e9rez Economista en Latorre y Asociados Consultor\u00eda\" loading=\"lazy\" srcset=\"https:\/\/latorreyasociados.com\/wp-content\/uploads\/2019\/05\/antonio-santiago-perez-economista-latorreyasociados-1-150x150.jpg 150w, https:\/\/latorreyasociados.com\/wp-content\/uploads\/2019\/05\/antonio-santiago-perez-economista-latorreyasociados-1-80x80.jpg 80w\" sizes=\"(max-width: 150px) 100vw, 150px\" \/><\/picture><\/a><header class=\"entry-header\"><h3 class=\"entry-title\"><a href=\"https:\/\/latorreyasociados.com\/es\/nuestro-equipo\/antonio-santiago-perez\/\" title=\"Antonio Santiago\">Antonio Santiago<\/a><\/h3><\/header><div class=\"entry-content\"><p class=\"more-link-wrap\"><a class=\"more-link\" href=\"https:\/\/latorreyasociados.com\/es\/nuestro-equipo\/antonio-santiago-perez\/\"><span class=\"screen-reader-text\">Antonio Santiago<\/span>Ver m\u00e1s<\/a><\/p><\/div><\/div><div class=\"flex-entry entry col col-xs-12 col-sm-4 has-image-center bottom-xs-xxl post-1178 page type-page status-publish has-post-thumbnail sin-borde column middle-xs text-xs-center\"><a class=\"entry-image-link entry-image-before-entry aligncenter\" title=\"Alejandro Morales\" href=\"https:\/\/latorreyasociados.com\/es\/nuestro-equipo\/alejandro-morales-merino\/\"><picture><img width=\"150\" height=\"150\" src=\"https:\/\/latorreyasociados.com\/wp-content\/uploads\/2019\/05\/alejandro-morales-merino-economista-latorreyasociados-150x150.jpg\" class=\"wp-post-image\" alt=\"Retrato con traje y corbata de Alejandro Morales Merino Economista en Latorre y Asociados Consultor\u00eda\" loading=\"lazy\" srcset=\"https:\/\/latorreyasociados.com\/wp-content\/uploads\/2019\/05\/alejandro-morales-merino-economista-latorreyasociados-150x150.jpg 150w, https:\/\/latorreyasociados.com\/wp-content\/uploads\/2019\/05\/alejandro-morales-merino-economista-latorreyasociados-80x80.jpg 80w\" sizes=\"(max-width: 150px) 100vw, 150px\" \/><\/picture><\/a><header class=\"entry-header\"><h3 class=\"entry-title\"><a href=\"https:\/\/latorreyasociados.com\/es\/nuestro-equipo\/alejandro-morales-merino\/\" title=\"Alejandro Morales\">Alejandro Morales<\/a><\/h3><\/header><div class=\"entry-content\"><p class=\"more-link-wrap\"><a class=\"more-link\" href=\"https:\/\/latorreyasociados.com\/es\/nuestro-equipo\/alejandro-morales-merino\/\"><span class=\"screen-reader-text\">Alejandro Morales<\/span>Ver m\u00e1s<\/a><\/p><\/div><\/div><div class=\"flex-entry entry col col-xs-12 col-sm-4 has-image-center bottom-xs-xxl post-1180 page type-page status-publish has-post-thumbnail sin-borde column middle-xs text-xs-center\"><a class=\"entry-image-link entry-image-before-entry aligncenter\" title=\"Miguel Liria\" href=\"https:\/\/latorreyasociados.com\/es\/nuestro-equipo\/miguel-liria-planiol\/\"><picture><img width=\"150\" height=\"150\" src=\"https:\/\/latorreyasociados.com\/wp-content\/uploads\/2019\/05\/miguel-liria-planiol-abogado-latorre-y-asociados-consultoria-150x150.jpg\" class=\"wp-post-image\" alt=\"Retrato con traje y corbata de Miguel Liria Pla\u00f1iol Abogado en Latorre y Asociados\" loading=\"lazy\" srcset=\"https:\/\/latorreyasociados.com\/wp-content\/uploads\/2019\/05\/miguel-liria-planiol-abogado-latorre-y-asociados-consultoria-150x150.jpg 150w, https:\/\/latorreyasociados.com\/wp-content\/uploads\/2019\/05\/miguel-liria-planiol-abogado-latorre-y-asociados-consultoria-80x80.jpg 80w\" sizes=\"(max-width: 150px) 100vw, 150px\" \/><\/picture><\/a><header class=\"entry-header\"><h3 class=\"entry-title\"><a href=\"https:\/\/latorreyasociados.com\/es\/nuestro-equipo\/miguel-liria-planiol\/\" title=\"Miguel Liria\">Miguel Liria<\/a><\/h3><\/header><div class=\"entry-content\"><p class=\"more-link-wrap\"><a class=\"more-link\" href=\"https:\/\/latorreyasociados.com\/es\/nuestro-equipo\/miguel-liria-planiol\/\"><span class=\"screen-reader-text\">Miguel Liria<\/span>Ver m\u00e1s<\/a><\/p><\/div><\/div><\/div><\/div>\n\n\n\n<div style=\"height:100px\" aria-hidden=\"true\" class=\"wp-block-spacer\"><\/div>\n\n\n\n<h3 class=\"has-text-align-center\">Asociados<\/h3>\n\n\n\n<hr class=\"wp-block-separator is-style-wide\"\/>\n\n\n\n<div class=\"wp-block-atomic-blocks-ab-columns ab-layout-columns-3 ab-3-col-equal\" style=\"margin-bottom:25px\"><div class=\"ab-layout-column-wrap ab-block-layout-column-gap-4 ab-is-responsive-column\">\n<div class=\"wp-block-atomic-blocks-ab-column ab-block-layout-column\"><div class=\"ab-block-layout-column-inner\">\n<div class=\"wp-block-image\"><figure class=\"aligncenter is-resized\"><img loading=\"lazy\" src=\"https:\/\/latorreyasociados.com\/wp-content\/uploads\/2019\/05\/alejandro-latorre-latorre-y-asociados-consultoria.jpg\" alt=\"\" class=\"wp-image-946\" width=\"150\" height=\"150\" srcset=\"https:\/\/latorreyasociados.com\/wp-content\/uploads\/2019\/05\/alejandro-latorre-latorre-y-asociados-consultoria-150x150.jpg 150w, https:\/\/latorreyasociados.com\/wp-content\/uploads\/2019\/05\/alejandro-latorre-latorre-y-asociados-consultoria-80x80.jpg 80w\" sizes=\"(max-width: 150px) 100vw, 150px\" \/><\/figure><\/div>\n\n\n\n<h4 class=\"has-text-align-center\">Juan Latorre<\/h4>\n<\/div><\/div>\n\n\n\n<div class=\"wp-block-atomic-blocks-ab-column ab-block-layout-column\"><div class=\"ab-block-layout-column-inner\">\n<div class=\"wp-block-image\"><figure class=\"aligncenter is-resized\"><img loading=\"lazy\" src=\"https:\/\/latorreyasociados.com\/wp-content\/uploads\/2019\/05\/monica-alvarado-rodriguez-latorre-y-asociados-consultoria.jpg\" alt=\"\" class=\"wp-image-952\" width=\"150\" height=\"150\" srcset=\"https:\/\/latorreyasociados.com\/wp-content\/uploads\/2019\/05\/monica-alvarado-rodriguez-latorre-y-asociados-consultoria-150x150.jpg 150w, https:\/\/latorreyasociados.com\/wp-content\/uploads\/2019\/05\/monica-alvarado-rodriguez-latorre-y-asociados-consultoria-80x80.jpg 80w\" sizes=\"(max-width: 150px) 100vw, 150px\" \/><\/figure><\/div>\n\n\n\n<h4 class=\"has-text-align-center\">M\u00f3nica Alvarado<\/h4>\n<\/div><\/div>\n\n\n\n<div class=\"wp-block-atomic-blocks-ab-column ab-block-layout-column\"><div class=\"ab-block-layout-column-inner\">\n<div class=\"wp-block-image\"><figure class=\"aligncenter is-resized\"><img loading=\"lazy\" src=\"https:\/\/latorreyasociados.com\/wp-content\/uploads\/2019\/05\/guillermo-mata-latorre-y-asociados-consultoria.jpg\" alt=\"\" class=\"wp-image-949\" width=\"150\" height=\"150\" srcset=\"https:\/\/latorreyasociados.com\/wp-content\/uploads\/2019\/05\/guillermo-mata-latorre-y-asociados-consultoria-150x150.jpg 150w, https:\/\/latorreyasociados.com\/wp-content\/uploads\/2019\/05\/guillermo-mata-latorre-y-asociados-consultoria-80x80.jpg 80w\" sizes=\"(max-width: 150px) 100vw, 150px\" \/><\/figure><\/div>\n\n\n\n<h4 class=\"has-text-align-center\">Guillermo Mata<\/h4>\n<\/div><\/div>\n<\/div><\/div>\n\n\n\n<div class=\"wp-block-atomic-blocks-ab-columns ab-layout-columns-3 ab-3-col-equal\" style=\"margin-bottom:25px\"><div class=\"ab-layout-column-wrap ab-block-layout-column-gap-4 ab-is-responsive-column\">\n<div class=\"wp-block-atomic-blocks-ab-column ab-block-layout-column\"><div class=\"ab-block-layout-column-inner\">\n<div class=\"wp-block-image\"><figure class=\"aligncenter is-resized\"><img loading=\"lazy\" src=\"https:\/\/latorreyasociados.com\/wp-content\/uploads\/2019\/05\/pedro-ajenjo-barrantes-latorre-y-asociados-consultoria.jpg\" alt=\"\" class=\"wp-image-953\" width=\"150\" height=\"150\" srcset=\"https:\/\/latorreyasociados.com\/wp-content\/uploads\/2019\/05\/pedro-ajenjo-barrantes-latorre-y-asociados-consultoria-150x150.jpg 150w, https:\/\/latorreyasociados.com\/wp-content\/uploads\/2019\/05\/pedro-ajenjo-barrantes-latorre-y-asociados-consultoria-80x80.jpg 80w\" sizes=\"(max-width: 150px) 100vw, 150px\" \/><\/figure><\/div>\n\n\n\n<h4 class=\"has-text-align-center\">Pedro Ajenjo<\/h4>\n<\/div><\/div>\n\n\n\n<div class=\"wp-block-atomic-blocks-ab-column ab-block-layout-column\"><div class=\"ab-block-layout-column-inner\">\n<div class=\"wp-block-image\"><figure class=\"aligncenter is-resized\"><img loading=\"lazy\" src=\"https:\/\/latorreyasociados.com\/wp-content\/uploads\/2019\/05\/josemiguel_barcia-torrezao-latorre-y-asociados-consultoria.jpg\" alt=\"\" class=\"wp-image-951\" width=\"150\" height=\"150\" srcset=\"https:\/\/latorreyasociados.com\/wp-content\/uploads\/2019\/05\/josemiguel_barcia-torrezao-latorre-y-asociados-consultoria-150x150.jpg 150w, https:\/\/latorreyasociados.com\/wp-content\/uploads\/2019\/05\/josemiguel_barcia-torrezao-latorre-y-asociados-consultoria-80x80.jpg 80w\" sizes=\"(max-width: 150px) 100vw, 150px\" \/><\/figure><\/div>\n\n\n\n<h4 class=\"has-text-align-center\">Jos\u00e9 Miguel Barcia<\/h4>\n<\/div><\/div>\n\n\n\n<div class=\"wp-block-atomic-blocks-ab-column ab-block-layout-column\"><div class=\"ab-block-layout-column-inner\">\n<div class=\"wp-block-image\"><figure class=\"aligncenter is-resized\"><img loading=\"lazy\" src=\"https:\/\/latorreyasociados.com\/wp-content\/uploads\/2019\/05\/beatriz-ramos-balparda-latorre-y-asociados-consultoria-1024x905.jpg\" alt=\"\" class=\"wp-image-947\" width=\"150\" height=\"150\" srcset=\"https:\/\/latorreyasociados.com\/wp-content\/uploads\/2019\/05\/beatriz-ramos-balparda-latorre-y-asociados-consultoria-150x150.jpg 150w, https:\/\/latorreyasociados.com\/wp-content\/uploads\/2019\/05\/beatriz-ramos-balparda-latorre-y-asociados-consultoria-80x80.jpg 80w\" sizes=\"(max-width: 150px) 100vw, 150px\" \/><\/figure><\/div>\n\n\n\n<h4 class=\"has-text-align-center\">Beatriz Ramos<\/h4>\n<\/div><\/div>\n<\/div><\/div>\n\n\n\n<div class=\"wp-block-atomic-blocks-ab-columns ab-layout-columns-3 ab-3-col-equal ab-columns-center\"><div class=\"ab-layout-column-wrap ab-block-layout-column-gap-4 ab-is-responsive-column\" style=\"max-width:878px\">\n<div class=\"wp-block-atomic-blocks-ab-column ab-block-layout-column\"><div class=\"ab-block-layout-column-inner\">\n<div class=\"wp-block-image\"><figure class=\"aligncenter is-resized\"><img loading=\"lazy\" src=\"https:\/\/latorreyasociados.com\/wp-content\/uploads\/2019\/05\/jorge-herraez-crespo-latorre-y-asociados-consultoria.jpg\" alt=\"\" class=\"wp-image-950\" width=\"150\" height=\"150\" srcset=\"https:\/\/latorreyasociados.com\/wp-content\/uploads\/2019\/05\/jorge-herraez-crespo-latorre-y-asociados-consultoria-150x150.jpg 150w, https:\/\/latorreyasociados.com\/wp-content\/uploads\/2019\/05\/jorge-herraez-crespo-latorre-y-asociados-consultoria-80x80.jpg 80w\" sizes=\"(max-width: 150px) 100vw, 150px\" \/><\/figure><\/div>\n\n\n\n<h4 class=\"has-text-align-center\">Jorge Herr\u00e1ez<\/h4>\n<\/div><\/div>\n\n\n\n<div class=\"wp-block-atomic-blocks-ab-column ab-block-layout-column\"><div class=\"ab-block-layout-column-inner\">\n<h4 class=\"has-text-align-center\"><\/h4>\n\n\n\n\n<\/div><\/div>\n\n\n\n<div class=\"wp-block-atomic-blocks-ab-column ab-block-layout-column\"><div class=\"ab-block-layout-column-inner\" style=\"text-align:center\">\n<div class=\"wp-block-image\"><figure class=\"aligncenter is-resized\"><img loading=\"lazy\" src=\"https:\/\/latorreyasociados.com\/wp-content\/uploads\/2019\/05\/sonia-ferreras-latorre-y-asociados-consultoria.jpg\" alt=\"\" class=\"wp-image-954\" width=\"150\" height=\"150\" srcset=\"https:\/\/latorreyasociados.com\/wp-content\/uploads\/2019\/05\/sonia-ferreras-latorre-y-asociados-consultoria-150x150.jpg 150w, https:\/\/latorreyasociados.com\/wp-content\/uploads\/2019\/05\/sonia-ferreras-latorre-y-asociados-consultoria-80x80.jpg 80w\" sizes=\"(max-width: 150px) 100vw, 150px\" \/><\/figure><\/div>\n\n\n\n<h4 class=\"has-text-align-center\">Sonia Ferreras<\/h4>\n<\/div><\/div>\n<\/div><\/div>\n\n\n\n<div style=\"height:32px\" aria-hidden=\"true\" class=\"wp-block-spacer\"><\/div>\n\n\n\n<div class=\"wp-block-media-text alignfull has-background is-stacked-on-mobile banner-contacto\" style=\"background-color:#f4f4f4;grid-template-columns:55% auto\"><figure class=\"wp-block-media-text__media\"><img loading=\"lazy\" width=\"1024\" height=\"455\" src=\"https:\/\/latorreyasociados.com\/wp-content\/uploads\/2019\/05\/latorreyasociados_consultoria_home-1024x455.jpg\" alt=\"\" class=\"wp-image-186\" srcset=\"https:\/\/latorreyasociados.com\/wp-content\/uploads\/2019\/05\/latorreyasociados_consultoria_home-1024x455.jpg 1024w, https:\/\/latorreyasociados.com\/wp-content\/uploads\/2019\/05\/latorreyasociados_consultoria_home-300x133.jpg 300w, https:\/\/latorreyasociados.com\/wp-content\/uploads\/2019\/05\/latorreyasociados_consultoria_home-768x341.jpg 768w\" sizes=\"(max-width: 1024px) 100vw, 1024px\" \/><\/figure><div class=\"wp-block-media-text__content\">\n<p class=\"margen-top\">\u00bfC\u00f3mo podemos ayudarle?<\/p>\n\n\n\n<p style=\"font-size:25px\">Ll\u00e1menos al                 <strong>+34 91 781 82 40<\/strong><\/p>\n\n\n\n<p>o env\u00edenos un mensaje a trav\u00e9s del formulario m\u00e1s abajo. Le contestaremos con la mayor brevedad posible.<\/p>\n\n\n\n<div class=\"wp-block-button\"><a class=\"wp-block-button__link has-text-color has-very-dark-gray-color has-background no-border-radius\" href=\"https:\/\/latorreyasociados.com\/direccion-y-contacto\/\" style=\"background-color:#b2dac0\"><strong>Ir al formulario<\/strong><\/a><\/div>\n<\/div><\/div>\n\n\n\n<div style=\"height:20px\" aria-hidden=\"true\" class=\"wp-block-spacer\"><\/div>\n\n\n\n<div style=\"height:20px\" aria-hidden=\"true\" class=\"wp-block-spacer\"><\/div>\n","protected":false},"excerpt":{"rendered":"<p>Equipo Directivo y Ejecutivo Asociados<\/p>\n","protected":false},"author":2,"featured_media":944,"parent":0,"menu_order":0,"comment_status":"closed","ping_status":"closed","template":"","meta":{"_genesis_hide_title":false,"_genesis_hide_breadcrumbs":false,"_genesis_hide_singular_image":false,"_genesis_hide_footer_widgets":false,"_genesis_custom_body_class":"fondo-blanco","_genesis_custom_post_class":"sin-borde","_genesis_layout":"md-content"},"featured_image_src":"https:\/\/latorreyasociados.com\/wp-content\/uploads\/2019\/05\/alejandro-latorre-atance-1-e1559231821172-588x400.jpg","featured_image_src_square":"https:\/\/latorreyasociados.com\/wp-content\/uploads\/2019\/05\/alejandro-latorre-atance-1-600x589.jpg","yoast_head":"<!-- This site is optimized with the Yoast SEO plugin v15.5 - https:\/\/yoast.com\/wordpress\/plugins\/seo\/ -->\n<title>Equipo Directivo y Asociados | Latorre y Asociados<\/title>\n<meta name=\"description\" content=\"Latorre y Asociados cuenta con una plantilla de m\u00e1s de 30 profesionales (entre directivos y asociados) especializados en diferentes \u00e1reas del sector legal.\" \/>\n<meta name=\"robots\" content=\"index, follow, max-snippet:-1, max-image-preview:large, max-video-preview:-1\" \/>\n<link rel=\"canonical\" href=\"https:\/\/latorreyasociados.com\/es\/nuestro-equipo\/\" \/>\n<meta property=\"og:locale\" content=\"es_ES\" \/>\n<meta property=\"og:type\" content=\"article\" \/>\n<meta property=\"og:title\" content=\"Equipo Directivo y Asociados | Latorre y Asociados\" \/>\n<meta property=\"og:description\" content=\"Latorre y Asociados cuenta con una plantilla de m\u00e1s de 30 profesionales (entre directivos y asociados) especializados en diferentes \u00e1reas del sector legal.\" \/>\n<meta property=\"og:url\" content=\"https:\/\/latorreyasociados.com\/es\/nuestro-equipo\/\" \/>\n<meta property=\"og:site_name\" content=\"Latorre y Asociados\" \/>\n<meta property=\"article:modified_time\" content=\"2021-04-28T11:57:57+00:00\" \/>\n<meta property=\"og:image\" content=\"https:\/\/latorreyasociados.com\/wp-content\/uploads\/2019\/05\/alejandro-latorre-atance-1-e1559231821172.jpg\" \/>\n\t<meta property=\"og:image:width\" content=\"588\" \/>\n\t<meta property=\"og:image:height\" content=\"588\" \/>\n<meta name=\"twitter:card\" content=\"summary_large_image\" \/>\n<meta name=\"twitter:label1\" content=\"Tiempo de lectura\">\n\t<meta name=\"twitter:data1\" content=\"0 minutos\">\n<script type=\"application\/ld+json\" class=\"yoast-schema-graph\">{\"@context\":\"https:\/\/schema.org\",\"@graph\":[{\"@type\":\"WebSite\",\"@id\":\"https:\/\/latorreyasociados.com\/en\/#website\",\"url\":\"https:\/\/latorreyasociados.com\/en\/\",\"name\":\"Latorre y Asociados\",\"description\":\"Firma especializada en la asistencia y asesoramiento a compa\\u00f1\\u00edas espa\\u00f1olas e internacionales\",\"potentialAction\":[{\"@type\":\"SearchAction\",\"target\":\"https:\/\/latorreyasociados.com\/en\/?s={search_term_string}\",\"query-input\":\"required name=search_term_string\"}],\"inLanguage\":\"es\"},{\"@type\":\"ImageObject\",\"@id\":\"https:\/\/latorreyasociados.com\/es\/nuestro-equipo\/#primaryimage\",\"inLanguage\":\"es\",\"url\":\"https:\/\/latorreyasociados.com\/wp-content\/uploads\/2019\/05\/alejandro-latorre-atance-1-e1559231821172.jpg\",\"width\":588,\"height\":588,\"caption\":\"Retrato con traje y corbata de Alejandro Latorre Atance socio fundador Latorre y Asociados Consultor\\u00eda\"},{\"@type\":\"WebPage\",\"@id\":\"https:\/\/latorreyasociados.com\/es\/nuestro-equipo\/#webpage\",\"url\":\"https:\/\/latorreyasociados.com\/es\/nuestro-equipo\/\",\"name\":\"Equipo Directivo y Asociados | Latorre y Asociados\",\"isPartOf\":{\"@id\":\"https:\/\/latorreyasociados.com\/en\/#website\"},\"primaryImageOfPage\":{\"@id\":\"https:\/\/latorreyasociados.com\/es\/nuestro-equipo\/#primaryimage\"},\"datePublished\":\"2019-05-06T22:17:32+00:00\",\"dateModified\":\"2021-04-28T11:57:57+00:00\",\"description\":\"Latorre y Asociados cuenta con una plantilla de m\\u00e1s de 30 profesionales (entre directivos y asociados) especializados en diferentes \\u00e1reas del sector legal.\",\"inLanguage\":\"es\",\"potentialAction\":[{\"@type\":\"ReadAction\",\"target\":[\"https:\/\/latorreyasociados.com\/es\/nuestro-equipo\/\"]}]}]}<\/script>\n<!-- \/ Yoast SEO plugin. -->","_links":{"self":[{"href":"https:\/\/latorreyasociados.com\/es\/wp-json\/wp\/v2\/pages\/73"}],"collection":[{"href":"https:\/\/latorreyasociados.com\/es\/wp-json\/wp\/v2\/pages"}],"about":[{"href":"https:\/\/latorreyasociados.com\/es\/wp-json\/wp\/v2\/types\/page"}],"author":[{"embeddable":true,"href":"https:\/\/latorreyasociados.com\/es\/wp-json\/wp\/v2\/users\/2"}],"replies":[{"embeddable":true,"href":"https:\/\/latorreyasociados.com\/es\/wp-json\/wp\/v2\/comments?post=73"}],"version-history":[{"count":55,"href":"https:\/\/latorreyasociados.com\/es\/wp-json\/wp\/v2\/pages\/73\/revisions"}],"predecessor-version":[{"id":2219,"href":"https:\/\/latorreyasociados.com\/es\/wp-json\/wp\/v2\/pages\/73\/revisions\/2219"}],"wp:featuredmedia":[{"embeddable":true,"href":"https:\/\/latorreyasociados.com\/es\/wp-json\/wp\/v2\/media\/944"}],"wp:attachment":[{"href":"https:\/\/latorreyasociados.com\/es\/wp-json\/wp\/v2\/media?parent=73"}],"curies":[{"name":"wp","href":"https:\/\/api.w.org\/{rel}","templated":true}]}}