{"id":906,"date":"2019-05-14T20:35:31","date_gmt":"2019-05-14T18:35:31","guid":{"rendered":"https:\/\/latorreyasociados.com\/?page_id=906"},"modified":"2020-01-31T10:43:44","modified_gmt":"2020-01-31T09:43:44","slug":"reestructuracion","status":"publish","type":"page","link":"https:\/\/latorreyasociados.com\/es\/reestructuracion\/","title":{"rendered":"Reestructuraci\u00f3n"},"content":{"rendered":"\n<div class=\"wp-block-atomic-blocks-ab-container ab-block-container\"><div class=\"ab-container-inside\"><div class=\"ab-container-content\" style=\"max-width:600px\">\n<p class=\"has-text-align-left\">Latorre y Asociados, desde sus inicios, es un referente en el sector en el campo de las reestructuraciones, habiendo participado en numerosos procedimientos concursales, entre los que destacan algunos de los m\u00e1s relevantes, complejos y trascendentes de Espa\u00f1a. <\/p>\n\n\n\n<p>Nuestra pr\u00e1ctica en esta disciplina es total, abarcando tanto asistencia y representaci\u00f3n letrada de las empresas concursadas y de los acreedores del concurso durante todo el procedimiento, as\u00ed como designaciones judiciales para ejercer las labores de administradores concursales. <\/p>\n\n\n\n<p>A continuaci\u00f3n, se relacionan algunos de los casos m\u00e1s relevantes en los que hemos prestado nuestros servicios: <\/p>\n\n\n\n<div class=\"wp-block-columns has-2-columns\">\n<div class=\"wp-block-column\">\n<h4>Quiebras y suspensiones de pagos:<\/h4>\n\n\n\n<figure class=\"wp-block-table\"><table class=\"\"><tbody><tr><td>Enron <\/td><\/tr><tr><td>Sintel, S.A. <\/td><\/tr><tr><td>Grupo Torras, S.A. <\/td><\/tr><tr><td>Galer\u00edas Preciados, S.A. <\/td><\/tr><tr><td> Pesa Electr\u00f3nica, S.A.  <\/td><\/tr><tr><td> Promoci\u00f3n Social de Viviendas (PSV SCOV)    <\/td><\/tr><\/tbody><\/table><\/figure>\n<\/div>\n\n\n\n<div class=\"wp-block-column\">\n<h4>Concursos de<br>acreedores:<\/h4>\n\n\n\n<figure class=\"wp-block-table\"><table class=\"\"><tbody><tr><td>Forum Filat\u00e9lico, S.A.<\/td><\/tr><tr><td>Grupo L\u00e1baro<\/td><\/tr><tr><td>Avicu, S.A.<\/td><\/tr><tr><td>Vissum, S.A.<\/td><\/tr><tr><td>Coipsa<\/td><\/tr><tr><td>Promodico, S.L.<\/td><\/tr><\/tbody><\/table><\/figure>\n<\/div>\n<\/div>\n<\/div><\/div><\/div>\n\n\n\n<div class=\"wp-block-image\"><figure class=\"aligncenter is-resized\"><img loading=\"lazy\" src=\"https:\/\/latorreyasociados.com\/wp-content\/uploads\/2019\/05\/consultoria-abogados-madrid-latorre-y-asociados-oficina-silla.jpg\" alt=\"\" class=\"wp-image-641\" width=\"600\" height=\"400\" srcset=\"https:\/\/latorreyasociados.com\/wp-content\/uploads\/2019\/05\/consultoria-abogados-madrid-latorre-y-asociados-oficina-silla.jpg 800w, https:\/\/latorreyasociados.com\/wp-content\/uploads\/2019\/05\/consultoria-abogados-madrid-latorre-y-asociados-oficina-silla-300x200.jpg 300w, https:\/\/latorreyasociados.com\/wp-content\/uploads\/2019\/05\/consultoria-abogados-madrid-latorre-y-asociados-oficina-silla-600x400.jpg 600w\" sizes=\"(max-width: 600px) 100vw, 600px\" \/><\/figure><\/div>\n\n\n\n<div style=\"height:50px\" aria-hidden=\"true\" class=\"wp-block-spacer\"><\/div>\n\n\n\n<div style=\"height:50px\" aria-hidden=\"true\" class=\"wp-block-spacer\"><\/div>\n\n\n\n<div style=\"height:70px\" aria-hidden=\"true\" class=\"wp-block-spacer\"><\/div>\n\n\n\n<div class=\"wp-block-media-text alignfull has-background is-stacked-on-mobile banner-contacto\" style=\"background-color:#f4f4f4;grid-template-columns:55% auto\"><figure class=\"wp-block-media-text__media\"><img loading=\"lazy\" width=\"1024\" height=\"455\" src=\"https:\/\/latorreyasociados.com\/wp-content\/uploads\/2019\/05\/latorreyasociados_consultoria_home-1024x455.jpg\" alt=\"\" class=\"wp-image-186\" srcset=\"https:\/\/latorreyasociados.com\/wp-content\/uploads\/2019\/05\/latorreyasociados_consultoria_home-1024x455.jpg 1024w, https:\/\/latorreyasociados.com\/wp-content\/uploads\/2019\/05\/latorreyasociados_consultoria_home-300x133.jpg 300w, https:\/\/latorreyasociados.com\/wp-content\/uploads\/2019\/05\/latorreyasociados_consultoria_home-768x341.jpg 768w\" sizes=\"(max-width: 1024px) 100vw, 1024px\" \/><\/figure><div class=\"wp-block-media-text__content\">\n<p class=\"margen-top\">\u00bfC\u00f3mo podemos ayudarle?<\/p>\n\n\n\n<p style=\"font-size:25px\">Ll\u00e1menos al                 <strong>+34 91 781 82 40<\/strong><\/p>\n\n\n\n<p>o env\u00edenos un mensaje a trav\u00e9s del formulario m\u00e1s abajo. Le contestaremos con la mayor brevedad posible.<\/p>\n\n\n\n<div class=\"wp-block-button\"><a class=\"wp-block-button__link has-text-color has-very-dark-gray-color has-background no-border-radius\" href=\"https:\/\/latorreyasociados.com\/direccion-y-contacto\/\" style=\"background-color:#b2dac0\"><strong>Ir al formulario<\/strong><\/a><\/div>\n<\/div><\/div>\n\n\n\n<div style=\"height:20px\" aria-hidden=\"true\" class=\"wp-block-spacer\"><\/div>\n","protected":false},"excerpt":{"rendered":"","protected":false},"author":2,"featured_media":965,"parent":0,"menu_order":0,"comment_status":"closed","ping_status":"closed","template":"","meta":{"_genesis_hide_title":false,"_genesis_hide_breadcrumbs":false,"_genesis_hide_singular_image":false,"_genesis_hide_footer_widgets":false,"_genesis_custom_body_class":"fondo-blanco","_genesis_custom_post_class":"sin-borde","_genesis_layout":""},"featured_image_src":"https:\/\/latorreyasociados.com\/wp-content\/uploads\/2019\/05\/servicio-reestructuracion-latorre-y-asociados-consultoria-600x400.jpg","featured_image_src_square":"https:\/\/latorreyasociados.com\/wp-content\/uploads\/2019\/05\/servicio-reestructuracion-latorre-y-asociados-consultoria-600x600.jpg","yoast_head":"<!-- This site is optimized with the Yoast SEO plugin v15.5 - https:\/\/yoast.com\/wordpress\/plugins\/seo\/ -->\n<title>Reestructuraci\u00f3n empresas | Latorre y Asociados<\/title>\n<meta name=\"description\" content=\"Latorre y Asociados es un referente en el campo de las reestructuraciones de empresas y ha participado en procedimientos concursales destacados en Espa\u00f1a.\" \/>\n<meta name=\"robots\" content=\"index, follow, max-snippet:-1, max-image-preview:large, max-video-preview:-1\" \/>\n<link rel=\"canonical\" href=\"https:\/\/latorreyasociados.com\/es\/reestructuracion\/\" \/>\n<meta property=\"og:locale\" content=\"es_ES\" \/>\n<meta property=\"og:type\" content=\"article\" \/>\n<meta property=\"og:title\" content=\"Reestructuraci\u00f3n empresas | Latorre y Asociados\" \/>\n<meta property=\"og:description\" content=\"Latorre y Asociados es un referente en el campo de las reestructuraciones de empresas y ha participado en procedimientos concursales destacados en Espa\u00f1a.\" \/>\n<meta property=\"og:url\" content=\"https:\/\/latorreyasociados.com\/es\/reestructuracion\/\" \/>\n<meta property=\"og:site_name\" content=\"Latorre y Asociados\" \/>\n<meta property=\"article:modified_time\" content=\"2020-01-31T09:43:44+00:00\" \/>\n<meta property=\"og:image\" content=\"https:\/\/latorreyasociados.com\/wp-content\/uploads\/2019\/05\/servicio-reestructuracion-latorre-y-asociados-consultoria.jpg\" \/>\n\t<meta property=\"og:image:width\" content=\"1200\" \/>\n\t<meta property=\"og:image:height\" content=\"800\" \/>\n<meta name=\"twitter:card\" content=\"summary_large_image\" \/>\n<meta name=\"twitter:label1\" content=\"Tiempo de lectura\">\n\t<meta name=\"twitter:data1\" content=\"1 minuto\">\n<script type=\"application\/ld+json\" class=\"yoast-schema-graph\">{\"@context\":\"https:\/\/schema.org\",\"@graph\":[{\"@type\":\"WebSite\",\"@id\":\"https:\/\/latorreyasociados.com\/en\/#website\",\"url\":\"https:\/\/latorreyasociados.com\/en\/\",\"name\":\"Latorre y Asociados\",\"description\":\"Firma especializada en la asistencia y asesoramiento a compa\\u00f1\\u00edas espa\\u00f1olas e internacionales\",\"potentialAction\":[{\"@type\":\"SearchAction\",\"target\":\"https:\/\/latorreyasociados.com\/en\/?s={search_term_string}\",\"query-input\":\"required name=search_term_string\"}],\"inLanguage\":\"es\"},{\"@type\":\"ImageObject\",\"@id\":\"https:\/\/latorreyasociados.com\/es\/reestructuracion\/#primaryimage\",\"inLanguage\":\"es\",\"url\":\"https:\/\/latorreyasociados.com\/wp-content\/uploads\/2019\/05\/servicio-reestructuracion-latorre-y-asociados-consultoria.jpg\",\"width\":1200,\"height\":800},{\"@type\":\"WebPage\",\"@id\":\"https:\/\/latorreyasociados.com\/es\/reestructuracion\/#webpage\",\"url\":\"https:\/\/latorreyasociados.com\/es\/reestructuracion\/\",\"name\":\"Reestructuraci\\u00f3n empresas | Latorre y Asociados\",\"isPartOf\":{\"@id\":\"https:\/\/latorreyasociados.com\/en\/#website\"},\"primaryImageOfPage\":{\"@id\":\"https:\/\/latorreyasociados.com\/es\/reestructuracion\/#primaryimage\"},\"datePublished\":\"2019-05-14T18:35:31+00:00\",\"dateModified\":\"2020-01-31T09:43:44+00:00\",\"description\":\"Latorre y Asociados es un referente en el campo de las reestructuraciones de empresas y ha participado en procedimientos concursales destacados en Espa\\u00f1a.\",\"inLanguage\":\"es\",\"potentialAction\":[{\"@type\":\"ReadAction\",\"target\":[\"https:\/\/latorreyasociados.com\/es\/reestructuracion\/\"]}]}]}<\/script>\n<!-- \/ Yoast SEO plugin. -->","_links":{"self":[{"href":"https:\/\/latorreyasociados.com\/es\/wp-json\/wp\/v2\/pages\/906"}],"collection":[{"href":"https:\/\/latorreyasociados.com\/es\/wp-json\/wp\/v2\/pages"}],"about":[{"href":"https:\/\/latorreyasociados.com\/es\/wp-json\/wp\/v2\/types\/page"}],"author":[{"embeddable":true,"href":"https:\/\/latorreyasociados.com\/es\/wp-json\/wp\/v2\/users\/2"}],"replies":[{"embeddable":true,"href":"https:\/\/latorreyasociados.com\/es\/wp-json\/wp\/v2\/comments?post=906"}],"version-history":[{"count":17,"href":"https:\/\/latorreyasociados.com\/es\/wp-json\/wp\/v2\/pages\/906\/revisions"}],"predecessor-version":[{"id":2139,"href":"https:\/\/latorreyasociados.com\/es\/wp-json\/wp\/v2\/pages\/906\/revisions\/2139"}],"wp:featuredmedia":[{"embeddable":true,"href":"https:\/\/latorreyasociados.com\/es\/wp-json\/wp\/v2\/media\/965"}],"wp:attachment":[{"href":"https:\/\/latorreyasociados.com\/es\/wp-json\/wp\/v2\/media?parent=906"}],"curies":[{"name":"wp","href":"https:\/\/api.w.org\/{rel}","templated":true}]}}