{"id":96,"date":"2019-04-23T00:02:13","date_gmt":"2019-04-22T22:02:13","guid":{"rendered":"https:\/\/latorreyasociados.com\/?page_id=96"},"modified":"2020-01-31T10:41:01","modified_gmt":"2020-01-31T09:41:01","slug":"clientes","status":"publish","type":"page","link":"https:\/\/latorreyasociados.com\/es\/clientes\/","title":{"rendered":"Clientes"},"content":{"rendered":"\n<h3 class=\"has-text-align-center\">Testimonios de clientes<br><\/h3>\n\n\n\n<hr class=\"wp-block-separator is-style-wide\"\/>\n\n\n\n<div class=\"wp-block-atomic-blocks-ab-container ab-block-container alignfull\"><div class=\"ab-container-inside\"><div class=\"ab-container-content\" style=\"max-width:1000px\">\n<p class=\"has-text-align-center has-medium-font-size\">Conozca la experiencia de nuestros clientes y trabajos realizados<\/p>\n\n\n\n<div style=\"color:#32373c\" class=\"wp-block-atomic-blocks-ab-testimonial left-aligned ab-font-size-18 ab-block-testimonial\"><figure class=\"wp-block-image is-resize\"><img loading=\"lazy\" src=\"https:\/\/latorreyasociados.com\/wp-content\/uploads\/2019\/04\/pestana-hotel-group-logo.png\" alt=\"\" class=\"wp-image-106 aligncenter\" width=\"141\" height=\"106\"><\/figure><div class=\"ab-testimonial-text\"><p><em>\u00abWe work with Latorre y Asociados during the last 10 years, when we launch the first company in Spain. Since the beginning we have a very fair relationship. With the grew of our businesses in Spain we had improve our work with Latorre y Asociados and Latorre always had answered positively to our needs and challenges.Today we can say that our activity in Spain it is more easier and we know more about Spain business environment because we choose from the beginning to work with Latorre y Asociados.\u00bb<\/em><\/p><\/div><div class=\"ab-testimonial-info\"><h2 class=\"ab-testimonial-name\" style=\"color:#32373c; text-align: center;\">Jos\u00e9 Theot\u00f3nio<\/h2><p class=\"ab-testimonial-title\" style=\"color:#32373c; text-align: center;\">CEO Pestana Hotel Group<\/p><\/div><\/div>\n\n\n\n<div style=\"color:#32373c\" class=\"wp-block-atomic-blocks-ab-testimonial left-aligned ab-font-size-18 ab-block-testimonial\"><figure class=\"wp-block-image is-resize\"><figure><img loading=\"lazy\" src=\"https:\/\/latorreyasociados.com\/wp-content\/uploads\/2019\/05\/icon-infraestructure-logo.png\" alt=\"\" class=\"wp-image-106 aligncenter\" width=\"141\" height=\"106\"><\/figure><\/figure><div class=\"ab-testimonial-text\"><p><em>\u00abOur firm has worked with Latorre for over 8 years as administrators of our local companies, and we have had close contact with the team including Miguel.  They have successfully managed local accounting, tax and reporting for our companies, interaction with our local banks, and have steered our companies through asset acquisitions and disposals.  We have found the Latorre team to be trustworthy and have been impressed by the application, responsiveness and capability of the individuals in the business. We would use them again in future.\u00bb<\/em><\/p><\/div><div class=\"ab-testimonial-info\"><h2 class=\"ab-testimonial-name\" style=\"color:#32373c; text-align: center;\">Daniel Agostino<\/h2><p class=\"ab-testimonial-title\" style=\"color:#32373c; text-align: center;\">Managing Partner, iCON Infrastructure LLP&gt;<\/p><\/div><\/div>\n\n\n\n<div class=\"wp-block-atomic-blocks-ab-container ab-block-container\"><div class=\"ab-container-inside\"><div class=\"ab-container-content\" style=\"max-width:1600px\">\n<div style=\"color:#32373c\" class=\"wp-block-atomic-blocks-ab-testimonial left-aligned ab-font-size-18 ab-block-testimonial\"><figure class=\"wp-block-image is-resize\"><img loading=\"lazy\" src=\"https:\/\/latorreyasociados.com\/wp-content\/uploads\/2019\/05\/vela-energy-logo-200x200.png\" alt=\"\" class=\"wp-image-106 aligncenter\" width=\"141\" height=\"106\"><\/figure><div class=\"ab-testimonial-text\"><p><em>\u00abMi experiencia con Latorre y Asociados se remonta a, aproximadamente, hace 10 a\u00f1os. Desde los diversos puestos que he ocupado durante ese periodo, he encargado a Latorre y Asociados varias y ambiciosas operaciones, la mayor\u00eda con vencimientos muy cortos, que han sabido desarrollar de forma cuidadosa, coordinada y profesional, sin descuidar el m\u00ednimo detalle. Puedo calificar el resultado de sus servicios como excelente y con un muy buen trato al cliente. Latorre y Asociados se ha convertido en un proveedor de servicios de referencia para el departamento de Asesor\u00eda Jur\u00eddica que actualmente dirijo y como complemento de otras \u00e1reas de VELA ENERGY, S.L.\u00bb<\/em><\/p><\/div><div class=\"ab-testimonial-info\"><h2 class=\"ab-testimonial-name\" style=\"color:#32373c; text-align: center;\">Juan Pablo del Rio Arranz<\/h2><p class=\"ab-testimonial-title\" style=\"color:#32373c; text-align: center;\">Director Asesor\u00eda Juridica Vela Energy, S.L.<\/p><\/div><\/div>\n\n\n\n<div style=\"color:#32373c\" class=\"wp-block-atomic-blocks-ab-testimonial left-aligned ab-font-size-18 ab-block-testimonial\"><figure class=\"wp-block-image is-resize\"><figure><img loading=\"lazy\" src=\"https:\/\/latorreyasociados.com\/wp-content\/uploads\/2019\/05\/White__Case_logo.png\" alt=\"\" class=\"wp-image-106 aligncenter\" width=\"141\" height=\"106\"><\/figure><\/figure><div class=\"ab-testimonial-text\"><p><em>\u00abTrabajo con Latorre y Asociados desde el a\u00f1o 2003 y de forma constante en muy diversos \u00e1mbitos. En particular, he trabajado con ellos en la constituci\u00f3n de sociedades, gestiones ante las autoridades tributarias, registros civiles y mercantiles, registros de tr\u00e1fico, o el asesoramiento fiscal y concursal. Siempre me han prestado un servicio excelente y se han ganado mi total confianza. En mi labor de asesor legal en materia mercantil y de fusiones y adquisiciones, son muchas las ocasiones en las que se requiere un servicio r\u00e1pido, eficaz y de confianza. Adem\u00e1s, con frecuencia de ese servicio depende que yo mismo pueda cumplir mi cometido con mis propios clientes. Puedo decir que Latorre y Asociados siempre ha prestado un servicio magn\u00edfico y que, de hecho, ha superado el nivel de lo que es habitualmente exigible. Siempre se comportan con flexibilidad y total seriedad, y nos ofrecen la confianza necesaria como para involucrarles en asuntos de la m\u00e1xima importancia y para clientes de primer nivel, nacionales e internacionales. Me consta, adem\u00e1s, que todos los clientes y profesionales a quienes he recomendado el servicio de Latorre y Asociados han quedado plenamente satisfechos, y as\u00ed me lo han hecho saber.<br><br>Si tuviera que resumir en pocas palabras lo que representa Latorre y Asociados para m\u00ed dir\u00eda que son plenamente fiables, que aportan soluciones (a diferencia de otros operadores del sector) y que son capaces de resolver situaciones muy complicadas en plazos y condiciones nada f\u00e1ciles.\u00bb&gt;<\/em><\/p><h2 class=\"ab-testimonial-name\" style=\"color:#32373c; text-align: center;\">Carlos Daroca<\/h2><p class=\"ab-testimonial-title\" style=\"color:#32373c; text-align: center;\">Local Partner de White &amp; Case<\/p><\/div><\/div>\n<\/div><\/div><\/div>\n\n\n\n\n<\/div><\/div><\/div>\n\n\n\n<div style=\"height:50px\" aria-hidden=\"true\" class=\"wp-block-spacer\"><\/div>\n\n\n\n<div class=\"wp-block-media-text alignfull has-background is-stacked-on-mobile banner-contacto\" style=\"background-color:#f4f4f4;grid-template-columns:55% auto\"><figure class=\"wp-block-media-text__media\"><img loading=\"lazy\" width=\"1024\" height=\"455\" src=\"https:\/\/latorreyasociados.com\/wp-content\/uploads\/2019\/05\/latorreyasociados_consultoria_home-1024x455.jpg\" alt=\"\" class=\"wp-image-186\" srcset=\"https:\/\/latorreyasociados.com\/wp-content\/uploads\/2019\/05\/latorreyasociados_consultoria_home-1024x455.jpg 1024w, https:\/\/latorreyasociados.com\/wp-content\/uploads\/2019\/05\/latorreyasociados_consultoria_home-300x133.jpg 300w, https:\/\/latorreyasociados.com\/wp-content\/uploads\/2019\/05\/latorreyasociados_consultoria_home-768x341.jpg 768w\" sizes=\"(max-width: 1024px) 100vw, 1024px\" \/><\/figure><div class=\"wp-block-media-text__content\">\n<p class=\"margen-top\">\u00bfC\u00f3mo podemos ayudarle?<\/p>\n\n\n\n<p style=\"font-size:25px\">Ll\u00e1menos al                 <strong>+34 91 781 82 40<\/strong><\/p>\n\n\n\n<p>o env\u00edenos un mensaje a trav\u00e9s del formulario m\u00e1s abajo. Le contestaremos con la mayor brevedad posible.<\/p>\n\n\n\n<div class=\"wp-block-button\"><a class=\"wp-block-button__link has-text-color has-very-dark-gray-color has-background no-border-radius\" href=\"https:\/\/latorreyasociados.com\/direccion-y-contacto\/\" style=\"background-color:#b2dac0\"><strong>Ir al formulario<\/strong><\/a><\/div>\n<\/div><\/div>\n\n\n\n<div style=\"height:20px\" aria-hidden=\"true\" class=\"wp-block-spacer\"><\/div>\n","protected":false},"excerpt":{"rendered":"<p>Testimonios de clientes<\/p>\n","protected":false},"author":2,"featured_media":0,"parent":0,"menu_order":0,"comment_status":"closed","ping_status":"closed","template":"","meta":{"_genesis_hide_title":false,"_genesis_hide_breadcrumbs":false,"_genesis_hide_singular_image":false,"_genesis_hide_footer_widgets":false,"_genesis_custom_body_class":"fondo-blanco","_genesis_custom_post_class":"sin-borde","_genesis_layout":"md-content"},"featured_image_src":null,"featured_image_src_square":null,"yoast_head":"<!-- This site is optimized with the Yoast SEO plugin v15.5 - https:\/\/yoast.com\/wordpress\/plugins\/seo\/ -->\n<title>Clientes y trabajos | Latorre y asociados<\/title>\n<meta name=\"description\" content=\"Descubra qui\u00e9nes son algunos de nuestros clientes y qu\u00e9 trabajos hemos realizado para ellos a lo largo de m\u00e1s de 35 a\u00f1os de experiencia.\" \/>\n<meta name=\"robots\" content=\"index, follow, max-snippet:-1, max-image-preview:large, max-video-preview:-1\" \/>\n<link rel=\"canonical\" href=\"https:\/\/latorreyasociados.com\/es\/clientes\/\" \/>\n<meta property=\"og:locale\" content=\"es_ES\" \/>\n<meta property=\"og:type\" content=\"article\" \/>\n<meta property=\"og:title\" content=\"Clientes y trabajos | Latorre y asociados\" \/>\n<meta property=\"og:description\" content=\"Descubra qui\u00e9nes son algunos de nuestros clientes y qu\u00e9 trabajos hemos realizado para ellos a lo largo de m\u00e1s de 35 a\u00f1os de experiencia.\" \/>\n<meta property=\"og:url\" content=\"https:\/\/latorreyasociados.com\/es\/clientes\/\" \/>\n<meta property=\"og:site_name\" content=\"Latorre y Asociados\" \/>\n<meta property=\"article:modified_time\" content=\"2020-01-31T09:41:01+00:00\" \/>\n<meta property=\"og:image\" content=\"https:\/\/latorreyasociados.com\/wp-content\/uploads\/2019\/05\/icon-infraestructure-logo.png\" \/>\n<meta name=\"twitter:card\" content=\"summary_large_image\" \/>\n<meta name=\"twitter:label1\" content=\"Tiempo de lectura\">\n\t<meta name=\"twitter:data1\" content=\"2 minutos\">\n<script type=\"application\/ld+json\" class=\"yoast-schema-graph\">{\"@context\":\"https:\/\/schema.org\",\"@graph\":[{\"@type\":\"WebSite\",\"@id\":\"https:\/\/latorreyasociados.com\/en\/#website\",\"url\":\"https:\/\/latorreyasociados.com\/en\/\",\"name\":\"Latorre y Asociados\",\"description\":\"Firma especializada en la asistencia y asesoramiento a compa\\u00f1\\u00edas espa\\u00f1olas e internacionales\",\"potentialAction\":[{\"@type\":\"SearchAction\",\"target\":\"https:\/\/latorreyasociados.com\/en\/?s={search_term_string}\",\"query-input\":\"required name=search_term_string\"}],\"inLanguage\":\"es\"},{\"@type\":\"ImageObject\",\"@id\":\"https:\/\/latorreyasociados.com\/es\/clientes\/#primaryimage\",\"inLanguage\":\"es\",\"url\":\"https:\/\/latorreyasociados.com\/wp-content\/uploads\/2019\/05\/icon-infraestructure-logo.png\",\"width\":188,\"height\":35},{\"@type\":\"WebPage\",\"@id\":\"https:\/\/latorreyasociados.com\/es\/clientes\/#webpage\",\"url\":\"https:\/\/latorreyasociados.com\/es\/clientes\/\",\"name\":\"Clientes y trabajos | Latorre y asociados\",\"isPartOf\":{\"@id\":\"https:\/\/latorreyasociados.com\/en\/#website\"},\"primaryImageOfPage\":{\"@id\":\"https:\/\/latorreyasociados.com\/es\/clientes\/#primaryimage\"},\"datePublished\":\"2019-04-22T22:02:13+00:00\",\"dateModified\":\"2020-01-31T09:41:01+00:00\",\"description\":\"Descubra qui\\u00e9nes son algunos de nuestros clientes y qu\\u00e9 trabajos hemos realizado para ellos a lo largo de m\\u00e1s de 35 a\\u00f1os de experiencia.\",\"inLanguage\":\"es\",\"potentialAction\":[{\"@type\":\"ReadAction\",\"target\":[\"https:\/\/latorreyasociados.com\/es\/clientes\/\"]}]}]}<\/script>\n<!-- \/ Yoast SEO plugin. -->","_links":{"self":[{"href":"https:\/\/latorreyasociados.com\/es\/wp-json\/wp\/v2\/pages\/96"}],"collection":[{"href":"https:\/\/latorreyasociados.com\/es\/wp-json\/wp\/v2\/pages"}],"about":[{"href":"https:\/\/latorreyasociados.com\/es\/wp-json\/wp\/v2\/types\/page"}],"author":[{"embeddable":true,"href":"https:\/\/latorreyasociados.com\/es\/wp-json\/wp\/v2\/users\/2"}],"replies":[{"embeddable":true,"href":"https:\/\/latorreyasociados.com\/es\/wp-json\/wp\/v2\/comments?post=96"}],"version-history":[{"count":71,"href":"https:\/\/latorreyasociados.com\/es\/wp-json\/wp\/v2\/pages\/96\/revisions"}],"predecessor-version":[{"id":2136,"href":"https:\/\/latorreyasociados.com\/es\/wp-json\/wp\/v2\/pages\/96\/revisions\/2136"}],"wp:attachment":[{"href":"https:\/\/latorreyasociados.com\/es\/wp-json\/wp\/v2\/media?parent=96"}],"curies":[{"name":"wp","href":"https:\/\/api.w.org\/{rel}","templated":true}]}}